{"id":1049,"date":"2020-04-06T15:32:07","date_gmt":"2020-04-06T15:32:07","guid":{"rendered":"https:\/\/villaimex.com\/sitio\/?page_id=1049"},"modified":"2020-04-18T03:19:56","modified_gmt":"2020-04-18T03:19:56","slug":"papel-tapiz","status":"publish","type":"page","link":"https:\/\/villaimex.com\/sitio\/impresion-sustentable\/papel-tapiz\/","title":{"rendered":"Papel Tapiz"},"content":{"rendered":"\n<p>La impresi\u00f3n digital a gran formato sobre&nbsp;<strong>Papel Tapiz<\/strong>&nbsp;es utilizado como decoraci\u00f3n de interiores o publicidad en casas, oficinas o locales, centros comerciales, publicidad especial, murales, entre otros.<\/p>\n\n\n\n<p>Es ideal para reproducir coloridos dise\u00f1os, aplicables en superficies lisas. Brinda una alta calidad a tus dise\u00f1os, sin deformar el mismo, se caracteriza por ser un material flexible. \u00a0<\/p>\n\n\n\n<p>Imprime la imagen de tu elecci\u00f3n para decorar paredes residenciales, oficinas, locales, restaurantes, caf\u00e9s, rec\u00e1maras infantiles, etc.<\/p>\n\n\n\n<figure class=\"wp-block-gallery columns-3 is-cropped wp-block-gallery-1 is-layout-flex wp-block-gallery-is-layout-flex\"><ul class=\"blocks-gallery-grid\"><li class=\"blocks-gallery-item\"><figure><img fetchpriority=\"high\" decoding=\"async\" width=\"1024\" height=\"682\" src=\"https:\/\/villaimex.com\/sitio\/wp-content\/uploads\/2020\/04\/1366_2000-1024x682.jpg\" alt=\"\" data-id=\"1157\" data-full-url=\"https:\/\/villaimex.com\/sitio\/wp-content\/uploads\/2020\/04\/1366_2000.jpg\" data-link=\"https:\/\/villaimex.com\/sitio\/index.php\/papel-tapiz\/1366_2000\/\" class=\"wp-image-1157\" srcset=\"https:\/\/villaimex.com\/sitio\/wp-content\/uploads\/2020\/04\/1366_2000-1024x682.jpg 1024w, https:\/\/villaimex.com\/sitio\/wp-content\/uploads\/2020\/04\/1366_2000-300x200.jpg 300w, https:\/\/villaimex.com\/sitio\/wp-content\/uploads\/2020\/04\/1366_2000-768x512.jpg 768w, https:\/\/villaimex.com\/sitio\/wp-content\/uploads\/2020\/04\/1366_2000-600x400.jpg 600w, https:\/\/villaimex.com\/sitio\/wp-content\/uploads\/2020\/04\/1366_2000.jpg 1366w\" sizes=\"(max-width: 1024px) 100vw, 1024px\" \/><\/figure><\/li><li class=\"blocks-gallery-item\"><figure><img decoding=\"async\" width=\"1024\" height=\"695\" src=\"https:\/\/villaimex.com\/sitio\/wp-content\/uploads\/2020\/04\/17848-extra-11774-11774-1024x695.jpg\" alt=\"\" data-id=\"1158\" data-full-url=\"https:\/\/villaimex.com\/sitio\/wp-content\/uploads\/2020\/04\/17848-extra-11774-11774.jpg\" data-link=\"https:\/\/villaimex.com\/sitio\/index.php\/papel-tapiz\/17848-extra-11774-11774\/\" class=\"wp-image-1158\" srcset=\"https:\/\/villaimex.com\/sitio\/wp-content\/uploads\/2020\/04\/17848-extra-11774-11774-1024x695.jpg 1024w, https:\/\/villaimex.com\/sitio\/wp-content\/uploads\/2020\/04\/17848-extra-11774-11774-300x204.jpg 300w, https:\/\/villaimex.com\/sitio\/wp-content\/uploads\/2020\/04\/17848-extra-11774-11774-768x521.jpg 768w, https:\/\/villaimex.com\/sitio\/wp-content\/uploads\/2020\/04\/17848-extra-11774-11774-1536x1042.jpg 1536w, https:\/\/villaimex.com\/sitio\/wp-content\/uploads\/2020\/04\/17848-extra-11774-11774-600x407.jpg 600w, https:\/\/villaimex.com\/sitio\/wp-content\/uploads\/2020\/04\/17848-extra-11774-11774.jpg 1769w\" sizes=\"(max-width: 1024px) 100vw, 1024px\" \/><\/figure><\/li><li class=\"blocks-gallery-item\"><figure><img decoding=\"async\" width=\"1024\" height=\"696\" src=\"https:\/\/villaimex.com\/sitio\/wp-content\/uploads\/2020\/04\/fototapete-mystique-komar-1024x696.jpg\" alt=\"\" data-id=\"1159\" data-full-url=\"https:\/\/villaimex.com\/sitio\/wp-content\/uploads\/2020\/04\/fototapete-mystique-komar.jpg\" data-link=\"https:\/\/villaimex.com\/sitio\/index.php\/papel-tapiz\/fototapete-mystique-komar\/\" class=\"wp-image-1159\" srcset=\"https:\/\/villaimex.com\/sitio\/wp-content\/uploads\/2020\/04\/fototapete-mystique-komar-1024x696.jpg 1024w, https:\/\/villaimex.com\/sitio\/wp-content\/uploads\/2020\/04\/fototapete-mystique-komar-300x204.jpg 300w, https:\/\/villaimex.com\/sitio\/wp-content\/uploads\/2020\/04\/fototapete-mystique-komar-768x522.jpg 768w, https:\/\/villaimex.com\/sitio\/wp-content\/uploads\/2020\/04\/fototapete-mystique-komar-1536x1044.jpg 1536w, https:\/\/villaimex.com\/sitio\/wp-content\/uploads\/2020\/04\/fototapete-mystique-komar-600x408.jpg 600w, https:\/\/villaimex.com\/sitio\/wp-content\/uploads\/2020\/04\/fototapete-mystique-komar.jpg 2000w\" sizes=\"(max-width: 1024px) 100vw, 1024px\" \/><\/figure><\/li><li class=\"blocks-gallery-item\"><figure><img loading=\"lazy\" decoding=\"async\" width=\"1024\" height=\"781\" src=\"https:\/\/villaimex.com\/sitio\/wp-content\/uploads\/2020\/04\/rBVaSVugw72AbpxZAAs2wxAzc3w349.jpg\" alt=\"\" data-id=\"1161\" data-full-url=\"https:\/\/villaimex.com\/sitio\/wp-content\/uploads\/2020\/04\/rBVaSVugw72AbpxZAAs2wxAzc3w349.jpg\" data-link=\"https:\/\/villaimex.com\/sitio\/index.php\/papel-tapiz\/rbvasvugw72abpxzaas2wxazc3w349\/\" class=\"wp-image-1161\" srcset=\"https:\/\/villaimex.com\/sitio\/wp-content\/uploads\/2020\/04\/rBVaSVugw72AbpxZAAs2wxAzc3w349.jpg 1024w, https:\/\/villaimex.com\/sitio\/wp-content\/uploads\/2020\/04\/rBVaSVugw72AbpxZAAs2wxAzc3w349-300x229.jpg 300w, https:\/\/villaimex.com\/sitio\/wp-content\/uploads\/2020\/04\/rBVaSVugw72AbpxZAAs2wxAzc3w349-768x586.jpg 768w, https:\/\/villaimex.com\/sitio\/wp-content\/uploads\/2020\/04\/rBVaSVugw72AbpxZAAs2wxAzc3w349-600x458.jpg 600w\" sizes=\"(max-width: 1024px) 100vw, 1024px\" \/><\/figure><\/li><li class=\"blocks-gallery-item\"><figure><img loading=\"lazy\" decoding=\"async\" width=\"1024\" height=\"729\" src=\"https:\/\/villaimex.com\/sitio\/wp-content\/uploads\/2020\/04\/papel-tapiz-1024x729.jpg\" alt=\"\" data-id=\"1160\" data-full-url=\"https:\/\/villaimex.com\/sitio\/wp-content\/uploads\/2020\/04\/papel-tapiz.jpg\" data-link=\"https:\/\/villaimex.com\/sitio\/index.php\/papel-tapiz\/papel-tapiz-2\/\" class=\"wp-image-1160\" srcset=\"https:\/\/villaimex.com\/sitio\/wp-content\/uploads\/2020\/04\/papel-tapiz-1024x729.jpg 1024w, https:\/\/villaimex.com\/sitio\/wp-content\/uploads\/2020\/04\/papel-tapiz-300x213.jpg 300w, https:\/\/villaimex.com\/sitio\/wp-content\/uploads\/2020\/04\/papel-tapiz-768x547.jpg 768w, https:\/\/villaimex.com\/sitio\/wp-content\/uploads\/2020\/04\/papel-tapiz-600x427.jpg 600w, https:\/\/villaimex.com\/sitio\/wp-content\/uploads\/2020\/04\/papel-tapiz.jpg 1030w\" sizes=\"(max-width: 1024px) 100vw, 1024px\" \/><\/figure><\/li><li class=\"blocks-gallery-item\"><figure><img loading=\"lazy\" decoding=\"async\" width=\"1000\" height=\"800\" src=\"https:\/\/villaimex.com\/sitio\/wp-content\/uploads\/2020\/04\/61bvka5E5dL._AC_SL1000_.jpg\" alt=\"\" data-id=\"1156\" data-full-url=\"https:\/\/villaimex.com\/sitio\/wp-content\/uploads\/2020\/04\/61bvka5E5dL._AC_SL1000_.jpg\" data-link=\"https:\/\/villaimex.com\/sitio\/index.php\/papel-tapiz\/61bvka5e5dl-_ac_sl1000_\/\" class=\"wp-image-1156\" srcset=\"https:\/\/villaimex.com\/sitio\/wp-content\/uploads\/2020\/04\/61bvka5E5dL._AC_SL1000_.jpg 1000w, https:\/\/villaimex.com\/sitio\/wp-content\/uploads\/2020\/04\/61bvka5E5dL._AC_SL1000_-300x240.jpg 300w, https:\/\/villaimex.com\/sitio\/wp-content\/uploads\/2020\/04\/61bvka5E5dL._AC_SL1000_-768x614.jpg 768w, https:\/\/villaimex.com\/sitio\/wp-content\/uploads\/2020\/04\/61bvka5E5dL._AC_SL1000_-600x480.jpg 600w\" sizes=\"(max-width: 1000px) 100vw, 1000px\" \/><\/figure><\/li><li class=\"blocks-gallery-item\"><figure><img loading=\"lazy\" decoding=\"async\" width=\"1024\" height=\"888\" src=\"https:\/\/villaimex.com\/sitio\/wp-content\/uploads\/2020\/04\/rBVaVF0cYvSAaOfGAAjVMDstDyU477.jpg\" alt=\"\" data-id=\"1162\" data-full-url=\"https:\/\/villaimex.com\/sitio\/wp-content\/uploads\/2020\/04\/rBVaVF0cYvSAaOfGAAjVMDstDyU477.jpg\" data-link=\"https:\/\/villaimex.com\/sitio\/index.php\/papel-tapiz\/rbvavf0cyvsaaofgaajvmdstdyu477\/\" class=\"wp-image-1162\" srcset=\"https:\/\/villaimex.com\/sitio\/wp-content\/uploads\/2020\/04\/rBVaVF0cYvSAaOfGAAjVMDstDyU477.jpg 1024w, https:\/\/villaimex.com\/sitio\/wp-content\/uploads\/2020\/04\/rBVaVF0cYvSAaOfGAAjVMDstDyU477-300x260.jpg 300w, https:\/\/villaimex.com\/sitio\/wp-content\/uploads\/2020\/04\/rBVaVF0cYvSAaOfGAAjVMDstDyU477-768x666.jpg 768w, https:\/\/villaimex.com\/sitio\/wp-content\/uploads\/2020\/04\/rBVaVF0cYvSAaOfGAAjVMDstDyU477-600x520.jpg 600w\" sizes=\"(max-width: 1024px) 100vw, 1024px\" \/><\/figure><\/li><li class=\"blocks-gallery-item\"><figure><img loading=\"lazy\" decoding=\"async\" width=\"1024\" height=\"569\" src=\"https:\/\/villaimex.com\/sitio\/wp-content\/uploads\/2020\/04\/sandra-cal-papelpintado-novedades-1024x569.jpg\" alt=\"\" data-id=\"1163\" data-full-url=\"https:\/\/villaimex.com\/sitio\/wp-content\/uploads\/2020\/04\/sandra-cal-papelpintado-novedades.jpg\" data-link=\"https:\/\/villaimex.com\/sitio\/index.php\/papel-tapiz\/sandra-cal-papelpintado-novedades\/\" class=\"wp-image-1163\" srcset=\"https:\/\/villaimex.com\/sitio\/wp-content\/uploads\/2020\/04\/sandra-cal-papelpintado-novedades-1024x569.jpg 1024w, https:\/\/villaimex.com\/sitio\/wp-content\/uploads\/2020\/04\/sandra-cal-papelpintado-novedades-300x167.jpg 300w, https:\/\/villaimex.com\/sitio\/wp-content\/uploads\/2020\/04\/sandra-cal-papelpintado-novedades-768x427.jpg 768w, https:\/\/villaimex.com\/sitio\/wp-content\/uploads\/2020\/04\/sandra-cal-papelpintado-novedades-600x334.jpg 600w, https:\/\/villaimex.com\/sitio\/wp-content\/uploads\/2020\/04\/sandra-cal-papelpintado-novedades.jpg 1200w\" sizes=\"(max-width: 1024px) 100vw, 1024px\" \/><\/figure><\/li><li class=\"blocks-gallery-item\"><figure><img loading=\"lazy\" decoding=\"async\" width=\"1024\" height=\"1024\" src=\"https:\/\/villaimex.com\/sitio\/wp-content\/uploads\/2020\/04\/res_75a9211de6e415c6e04e087d580d26b4_full-1024x1024.jpg\" alt=\"\" data-id=\"1165\" data-full-url=\"https:\/\/villaimex.com\/sitio\/wp-content\/uploads\/2020\/04\/res_75a9211de6e415c6e04e087d580d26b4_full.jpg\" data-link=\"https:\/\/villaimex.com\/sitio\/index.php\/papel-tapiz\/res_75a9211de6e415c6e04e087d580d26b4_full\/\" class=\"wp-image-1165\" srcset=\"https:\/\/villaimex.com\/sitio\/wp-content\/uploads\/2020\/04\/res_75a9211de6e415c6e04e087d580d26b4_full-1024x1024.jpg 1024w, https:\/\/villaimex.com\/sitio\/wp-content\/uploads\/2020\/04\/res_75a9211de6e415c6e04e087d580d26b4_full-300x300.jpg 300w, https:\/\/villaimex.com\/sitio\/wp-content\/uploads\/2020\/04\/res_75a9211de6e415c6e04e087d580d26b4_full-150x150.jpg 150w, https:\/\/villaimex.com\/sitio\/wp-content\/uploads\/2020\/04\/res_75a9211de6e415c6e04e087d580d26b4_full-768x768.jpg 768w, https:\/\/villaimex.com\/sitio\/wp-content\/uploads\/2020\/04\/res_75a9211de6e415c6e04e087d580d26b4_full-1536x1536.jpg 1536w, https:\/\/villaimex.com\/sitio\/wp-content\/uploads\/2020\/04\/res_75a9211de6e415c6e04e087d580d26b4_full-600x600.jpg 600w, https:\/\/villaimex.com\/sitio\/wp-content\/uploads\/2020\/04\/res_75a9211de6e415c6e04e087d580d26b4_full-100x100.jpg 100w, https:\/\/villaimex.com\/sitio\/wp-content\/uploads\/2020\/04\/res_75a9211de6e415c6e04e087d580d26b4_full.jpg 2000w\" sizes=\"(max-width: 1024px) 100vw, 1024px\" \/><\/figure><\/li><li class=\"blocks-gallery-item\"><figure><img loading=\"lazy\" decoding=\"async\" width=\"1024\" height=\"1024\" src=\"https:\/\/villaimex.com\/sitio\/wp-content\/uploads\/2020\/04\/res_804bbe1cb1fc9967525b6072b5219153_full-1024x1024.jpg\" alt=\"\" data-id=\"1166\" data-full-url=\"https:\/\/villaimex.com\/sitio\/wp-content\/uploads\/2020\/04\/res_804bbe1cb1fc9967525b6072b5219153_full.jpg\" data-link=\"https:\/\/villaimex.com\/sitio\/index.php\/papel-tapiz\/res_804bbe1cb1fc9967525b6072b5219153_full\/\" class=\"wp-image-1166\" srcset=\"https:\/\/villaimex.com\/sitio\/wp-content\/uploads\/2020\/04\/res_804bbe1cb1fc9967525b6072b5219153_full-1024x1024.jpg 1024w, https:\/\/villaimex.com\/sitio\/wp-content\/uploads\/2020\/04\/res_804bbe1cb1fc9967525b6072b5219153_full-300x300.jpg 300w, https:\/\/villaimex.com\/sitio\/wp-content\/uploads\/2020\/04\/res_804bbe1cb1fc9967525b6072b5219153_full-150x150.jpg 150w, https:\/\/villaimex.com\/sitio\/wp-content\/uploads\/2020\/04\/res_804bbe1cb1fc9967525b6072b5219153_full-768x768.jpg 768w, https:\/\/villaimex.com\/sitio\/wp-content\/uploads\/2020\/04\/res_804bbe1cb1fc9967525b6072b5219153_full-1536x1536.jpg 1536w, https:\/\/villaimex.com\/sitio\/wp-content\/uploads\/2020\/04\/res_804bbe1cb1fc9967525b6072b5219153_full-600x600.jpg 600w, https:\/\/villaimex.com\/sitio\/wp-content\/uploads\/2020\/04\/res_804bbe1cb1fc9967525b6072b5219153_full-100x100.jpg 100w, https:\/\/villaimex.com\/sitio\/wp-content\/uploads\/2020\/04\/res_804bbe1cb1fc9967525b6072b5219153_full.jpg 2000w\" sizes=\"(max-width: 1024px) 100vw, 1024px\" \/><\/figure><\/li><li class=\"blocks-gallery-item\"><figure><img loading=\"lazy\" decoding=\"async\" width=\"1024\" height=\"768\" src=\"https:\/\/villaimex.com\/sitio\/wp-content\/uploads\/2020\/04\/res_052d08082acb762696fbea065a5fb331_full-e1586325797456-1024x768.jpg\" alt=\"\" data-id=\"1164\" data-full-url=\"https:\/\/villaimex.com\/sitio\/wp-content\/uploads\/2020\/04\/res_052d08082acb762696fbea065a5fb331_full-e1586325797456.jpg\" data-link=\"https:\/\/villaimex.com\/sitio\/index.php\/papel-tapiz\/res_052d08082acb762696fbea065a5fb331_full\/\" class=\"wp-image-1164\" srcset=\"https:\/\/villaimex.com\/sitio\/wp-content\/uploads\/2020\/04\/res_052d08082acb762696fbea065a5fb331_full-e1586325797456-1024x768.jpg 1024w, https:\/\/villaimex.com\/sitio\/wp-content\/uploads\/2020\/04\/res_052d08082acb762696fbea065a5fb331_full-e1586325797456-300x225.jpg 300w, https:\/\/villaimex.com\/sitio\/wp-content\/uploads\/2020\/04\/res_052d08082acb762696fbea065a5fb331_full-e1586325797456-768x576.jpg 768w, https:\/\/villaimex.com\/sitio\/wp-content\/uploads\/2020\/04\/res_052d08082acb762696fbea065a5fb331_full-e1586325797456-1536x1152.jpg 1536w, https:\/\/villaimex.com\/sitio\/wp-content\/uploads\/2020\/04\/res_052d08082acb762696fbea065a5fb331_full-e1586325797456-600x450.jpg 600w, https:\/\/villaimex.com\/sitio\/wp-content\/uploads\/2020\/04\/res_052d08082acb762696fbea065a5fb331_full-e1586325797456.jpg 2000w\" sizes=\"(max-width: 1024px) 100vw, 1024px\" \/><\/figure><\/li><\/ul><\/figure>\n","protected":false},"excerpt":{"rendered":"<p>La impresi\u00f3n digital a gran formato sobre&nbsp;Papel Tapiz&nbsp;es utilizado como decoraci\u00f3n de interiores o publicidad en casas, oficinas o locales, centros comerciales, publicidad especial, murales, entre otros. Es ideal para reproducir coloridos dise\u00f1os, aplicables en superficies lisas. Brinda una alta calidad a tus dise\u00f1os, sin deformar el mismo, se caracteriza por ser un material flexible. [&hellip;]<\/p>\n","protected":false},"author":1,"featured_media":0,"parent":476,"menu_order":0,"comment_status":"closed","ping_status":"closed","template":"","meta":{"ocean_post_layout":"","ocean_both_sidebars_style":"","ocean_both_sidebars_content_width":0,"ocean_both_sidebars_sidebars_width":0,"ocean_sidebar":"0","ocean_second_sidebar":"0","ocean_disable_margins":"enable","ocean_add_body_class":"","ocean_shortcode_before_top_bar":"","ocean_shortcode_after_top_bar":"","ocean_shortcode_before_header":"","ocean_shortcode_after_header":"","ocean_has_shortcode":"","ocean_shortcode_after_title":"","ocean_shortcode_before_footer_widgets":"","ocean_shortcode_after_footer_widgets":"","ocean_shortcode_before_footer_bottom":"","ocean_shortcode_after_footer_bottom":"","ocean_display_top_bar":"default","ocean_display_header":"default","ocean_header_style":"","ocean_center_header_left_menu":"0","ocean_custom_header_template":"0","ocean_custom_logo":0,"ocean_custom_retina_logo":0,"ocean_custom_logo_max_width":0,"ocean_custom_logo_tablet_max_width":0,"ocean_custom_logo_mobile_max_width":0,"ocean_custom_logo_max_height":0,"ocean_custom_logo_tablet_max_height":0,"ocean_custom_logo_mobile_max_height":0,"ocean_header_custom_menu":"0","ocean_menu_typo_font_family":"0","ocean_menu_typo_font_subset":"","ocean_menu_typo_font_size":0,"ocean_menu_typo_font_size_tablet":0,"ocean_menu_typo_font_size_mobile":0,"ocean_menu_typo_font_size_unit":"px","ocean_menu_typo_font_weight":"","ocean_menu_typo_font_weight_tablet":"","ocean_menu_typo_font_weight_mobile":"","ocean_menu_typo_transform":"","ocean_menu_typo_transform_tablet":"","ocean_menu_typo_transform_mobile":"","ocean_menu_typo_line_height":0,"ocean_menu_typo_line_height_tablet":0,"ocean_menu_typo_line_height_mobile":0,"ocean_menu_typo_line_height_unit":"","ocean_menu_typo_spacing":0,"ocean_menu_typo_spacing_tablet":0,"ocean_menu_typo_spacing_mobile":0,"ocean_menu_typo_spacing_unit":"","ocean_menu_link_color":"","ocean_menu_link_color_hover":"","ocean_menu_link_color_active":"","ocean_menu_link_background":"","ocean_menu_link_hover_background":"","ocean_menu_link_active_background":"","ocean_menu_social_links_bg":"","ocean_menu_social_hover_links_bg":"","ocean_menu_social_links_color":"","ocean_menu_social_hover_links_color":"","ocean_disable_title":"default","ocean_disable_heading":"default","ocean_post_title":"","ocean_post_subheading":"","ocean_post_title_style":"","ocean_post_title_background_color":"","ocean_post_title_background":0,"ocean_post_title_bg_image_position":"","ocean_post_title_bg_image_attachment":"","ocean_post_title_bg_image_repeat":"","ocean_post_title_bg_image_size":"","ocean_post_title_height":0,"ocean_post_title_bg_overlay":0.5,"ocean_post_title_bg_overlay_color":"","ocean_disable_breadcrumbs":"default","ocean_breadcrumbs_color":"","ocean_breadcrumbs_separator_color":"","ocean_breadcrumbs_links_color":"","ocean_breadcrumbs_links_hover_color":"","ocean_display_footer_widgets":"default","ocean_display_footer_bottom":"default","ocean_custom_footer_template":"0","footnotes":""},"_links":{"self":[{"href":"https:\/\/villaimex.com\/sitio\/wp-json\/wp\/v2\/pages\/1049"}],"collection":[{"href":"https:\/\/villaimex.com\/sitio\/wp-json\/wp\/v2\/pages"}],"about":[{"href":"https:\/\/villaimex.com\/sitio\/wp-json\/wp\/v2\/types\/page"}],"author":[{"embeddable":true,"href":"https:\/\/villaimex.com\/sitio\/wp-json\/wp\/v2\/users\/1"}],"replies":[{"embeddable":true,"href":"https:\/\/villaimex.com\/sitio\/wp-json\/wp\/v2\/comments?post=1049"}],"version-history":[{"count":4,"href":"https:\/\/villaimex.com\/sitio\/wp-json\/wp\/v2\/pages\/1049\/revisions"}],"predecessor-version":[{"id":1169,"href":"https:\/\/villaimex.com\/sitio\/wp-json\/wp\/v2\/pages\/1049\/revisions\/1169"}],"up":[{"embeddable":true,"href":"https:\/\/villaimex.com\/sitio\/wp-json\/wp\/v2\/pages\/476"}],"wp:attachment":[{"href":"https:\/\/villaimex.com\/sitio\/wp-json\/wp\/v2\/media?parent=1049"}],"curies":[{"name":"wp","href":"https:\/\/api.w.org\/{rel}","templated":true}]}}