{"id":585,"date":"2020-04-11T05:42:17","date_gmt":"2020-04-11T05:42:17","guid":{"rendered":"http:\/\/villaimex.com\/sitio\/?page_id=585"},"modified":"2021-09-17T16:25:40","modified_gmt":"2021-09-17T16:25:40","slug":"expositores-y-displays","status":"publish","type":"page","link":"https:\/\/villaimex.com\/sitio\/decoracion\/expositores-y-displays\/","title":{"rendered":"Expositores y Displays"},"content":{"rendered":"\t\t<div data-elementor-type=\"wp-page\" data-elementor-id=\"585\" class=\"elementor elementor-585\">\n\t\t\t\t\t\t<section class=\"elementor-section elementor-top-section elementor-element elementor-element-7b18bbb elementor-section-boxed elementor-section-height-default elementor-section-height-default\" data-id=\"7b18bbb\" data-element_type=\"section\">\n\t\t\t\t\t\t<div class=\"elementor-container elementor-column-gap-default\">\n\t\t\t\t\t<div class=\"elementor-column elementor-col-100 elementor-top-column elementor-element elementor-element-772c60e\" data-id=\"772c60e\" data-element_type=\"column\">\n\t\t\t<div class=\"elementor-widget-wrap elementor-element-populated\">\n\t\t\t\t\t\t<div class=\"elementor-element elementor-element-22c75a5 elementor-widget elementor-widget-text-editor\" data-id=\"22c75a5\" data-element_type=\"widget\" data-widget_type=\"text-editor.default\">\n\t\t\t\t<div class=\"elementor-widget-container\">\n\t\t\t\t\t\t\t<p>Un<strong> x banner<\/strong> o un <strong>roll up<\/strong> son soluciones tan <strong>vers\u00e1tiles<\/strong> y econ\u00f3micas como <strong>eficaces<\/strong> tanto para una campa\u00f1a publicitaria exterior como para exposiciones en interiores.\u00a0<\/p><p><span style=\"color: #555555; font-family: titilliumweb, Arial, sans-serif; font-size: 14px; font-style: normal; font-variant-ligatures: normal; font-variant-caps: normal; font-weight: 400;\">La diferencia fundamental entre un\u00a0<\/span><strong style=\"font-family: titilliumweb, Arial, sans-serif; font-style: normal; font-variant-ligatures: normal; font-variant-caps: normal; font-size: 14px; color: #555555;\">x banner<\/strong><span style=\"color: #555555; font-family: titilliumweb, Arial, sans-serif; font-size: 14px; font-style: normal; font-variant-ligatures: normal; font-variant-caps: normal; font-weight: 400;\">\u00a0o un <\/span><span style=\"color: #555555; font-family: titilliumweb, Arial, sans-serif; font-size: 14px; font-style: normal; font-variant-ligatures: normal; font-variant-caps: normal;\"><b>roll up banner<\/b><\/span><span style=\"color: #555555; font-family: titilliumweb, Arial, sans-serif; font-size: 14px; font-style: normal; font-variant-ligatures: normal; font-variant-caps: normal; font-weight: 400;\">\u00a0<\/span><span style=\"color: #555555; font-family: titilliumweb, Arial, sans-serif; font-size: 14px; font-style: normal; font-variant-ligatures: normal; font-variant-caps: normal; font-weight: 400;\">es que el x banner es un soporte hecho para estar en el exterior, al que se le puede a\u00f1adir una base\u00a0que se llenar\u00e1 con agua o tierra para que pueda permanecer de pie. El roll up banner es m\u00e1s vers\u00e1til para ser transportado pero no se recomienda como display publicitario de exterior a menos que est\u00e9 cerca de una pared, sin embargo, gana como soporte porque su transportaci\u00f3n es m\u00e1s f\u00e1cil y r\u00e1pida.<\/span><\/p>\t\t\t\t\t\t<\/div>\n\t\t\t\t<\/div>\n\t\t\t\t\t<\/div>\n\t\t<\/div>\n\t\t\t\t\t<\/div>\n\t\t<\/section>\n\t\t\t\t<section class=\"elementor-section elementor-top-section elementor-element elementor-element-04eb3c0 elementor-section-boxed elementor-section-height-default elementor-section-height-default\" data-id=\"04eb3c0\" data-element_type=\"section\">\n\t\t\t\t\t\t<div class=\"elementor-container elementor-column-gap-default\">\n\t\t\t\t\t<div class=\"elementor-column elementor-col-33 elementor-top-column elementor-element elementor-element-e45e57e\" data-id=\"e45e57e\" data-element_type=\"column\">\n\t\t\t<div class=\"elementor-widget-wrap elementor-element-populated\">\n\t\t\t\t\t\t<div class=\"elementor-element elementor-element-91c1129 premium-title-flex-start premium-title-color elementor-invisible elementor-widget elementor-widget-premium-addon-title\" data-id=\"91c1129\" data-element_type=\"widget\" data-settings=\"{&quot;_animation&quot;:&quot;fadeInUp&quot;,&quot;_animation_delay&quot;:500}\" data-widget_type=\"premium-addon-title.default\">\n\t\t\t\t<div class=\"elementor-widget-container\">\n\t\t\t\r\n\t\t<div class=\"premium-title-container style4\">\r\n\t\t\t<h2 class=\"premium-title-header premium-title-style4\">\r\n\t\t\t\t\r\n\t\t\t\t\r\n\t\t\t\t\t\t\t\t\t\t\t\t<span class=\"premium-title-text\" >\r\n\t\t\t\t\tRoll Up Display\t\t\t\t<\/span>\r\n\t\t\t\t\t\r\n\t\t\t\t\t\t\t\t\t\t\t<\/h2>\r\n\t\t<\/div>\r\n\r\n\t\t\t\t<\/div>\n\t\t\t\t<\/div>\n\t\t\t\t<div class=\"elementor-element elementor-element-5715b79 elementor-invisible elementor-widget elementor-widget-premium-addon-banner\" data-id=\"5715b79\" data-element_type=\"widget\" data-settings=\"{&quot;_animation&quot;:&quot;fadeInUp&quot;,&quot;_animation_delay&quot;:1500}\" data-widget_type=\"premium-addon-banner.default\">\n\t\t\t\t<div class=\"elementor-widget-container\">\n\t\t\t\t\t<div class=\"premium-banner-ib premium-banner-min-height premium-banner-animation6 none\">\r\n\t\t\t\t\t\t\t\t\t\t<img fetchpriority=\"high\" decoding=\"async\" width=\"781\" height=\"781\" src=\"https:\/\/villaimex.com\/sitio\/wp-content\/uploads\/2020\/04\/RollUp-2.png\" class=\"attachment-full size-full wp-image-1130\" alt=\"\" srcset=\"https:\/\/villaimex.com\/sitio\/wp-content\/uploads\/2020\/04\/RollUp-2.png 781w, https:\/\/villaimex.com\/sitio\/wp-content\/uploads\/2020\/04\/RollUp-2-300x300.png 300w, https:\/\/villaimex.com\/sitio\/wp-content\/uploads\/2020\/04\/RollUp-2-150x150.png 150w, https:\/\/villaimex.com\/sitio\/wp-content\/uploads\/2020\/04\/RollUp-2-768x768.png 768w, https:\/\/villaimex.com\/sitio\/wp-content\/uploads\/2020\/04\/RollUp-2-600x600.png 600w, https:\/\/villaimex.com\/sitio\/wp-content\/uploads\/2020\/04\/RollUp-2-100x100.png 100w\" sizes=\"(max-width: 781px) 100vw, 781px\" \/>\t\t\t\t\t\t\t\t\t<div class=\"premium-banner-ib-desc\">\r\n\t\t\t\t\t\t\t\t\t<h3 class=\"premium-banner-ib-title premium_banner_title\"><\/h3>\t\t\t\t\t\t<div class=\"premium-banner-ib-content premium_banner_content\">\r\n\t\t\t\t\t\t\t<p><span style=\"color: #000000;\"><strong>Banner personalizado, impreso a todo color sobre lona BlockOut con tintas l\u00e1tex g<\/strong><\/span><span style=\"color: #000000;\"><strong>arantizando la vida \u00fatil del producto sin perder la calidad de la impresi\u00f3n con el paso del tiempo.<\/strong><\/span><\/p><p><span style=\"color: #000000;\"><strong>Display de aluminio anodizado, ligero, pr\u00e1ctico y totalmente port\u00e1til.<\/strong><\/span><\/p><p><span style=\"color: #000000;\"><strong>Se entrega en estuche, listo para utilizar.<\/strong><\/span><\/p>\t\t\t\t\t\t<\/div>\r\n\t\t\t\t\t\t\t\t\t\t\t\t\t\t\t\t<div class=\"premium-banner-read-more\">\r\n\t\t\t\t\t\t\t<a href=\"https:\/\/villaimex.com\/sitio\/decoracion\/expositores-y-displays\/roll-up\/\" class=\"premium-banner-link premium-button-none \" data-text=\"Leer M\u00e1s\">\r\n\t\t\t\t\t\t\t\t<div class=\"premium-button-text-icon-wrapper\">\r\n\t\t\t\t\t\t\t\t\t<span>Leer M\u00e1s<\/span>\r\n\t\t\t\t\t\t\t\t<\/div>\r\n\r\n\t\t\t\t\t\t\t\t\r\n\t\t\t\t\t\t\t\t\r\n\t\t\t\t\t\t\t<\/a>\r\n\t\t\t\t\t\t<\/div>\r\n\t\t\t\t\t\t\t\t\t\t\t\t<\/div>\r\n\t\t\t\t\t<\/div>\r\n\t\t\t\t\t\t<\/div>\n\t\t\t\t<\/div>\n\t\t\t\t\t<\/div>\n\t\t<\/div>\n\t\t\t\t<div class=\"elementor-column elementor-col-33 elementor-top-column elementor-element elementor-element-b1b3daa\" data-id=\"b1b3daa\" data-element_type=\"column\">\n\t\t\t<div class=\"elementor-widget-wrap elementor-element-populated\">\n\t\t\t\t\t\t<div class=\"elementor-element elementor-element-a5619d4 premium-title-flex-start premium-title-color elementor-invisible elementor-widget elementor-widget-premium-addon-title\" data-id=\"a5619d4\" data-element_type=\"widget\" data-settings=\"{&quot;_animation&quot;:&quot;fadeInUp&quot;,&quot;_animation_delay&quot;:1000}\" data-widget_type=\"premium-addon-title.default\">\n\t\t\t\t<div class=\"elementor-widget-container\">\n\t\t\t\r\n\t\t<div class=\"premium-title-container style4\">\r\n\t\t\t<h2 class=\"premium-title-header premium-title-style4\">\r\n\t\t\t\t\r\n\t\t\t\t\r\n\t\t\t\t\t\t\t\t\t\t\t\t<span class=\"premium-title-text\" >\r\n\t\t\t\t\tX-Banner \t\t\t\t<\/span>\r\n\t\t\t\t\t\r\n\t\t\t\t\t\t\t\t\t\t\t<\/h2>\r\n\t\t<\/div>\r\n\r\n\t\t\t\t<\/div>\n\t\t\t\t<\/div>\n\t\t\t\t<div class=\"elementor-element elementor-element-257e5d1 elementor-invisible elementor-widget elementor-widget-premium-addon-banner\" data-id=\"257e5d1\" data-element_type=\"widget\" data-settings=\"{&quot;_animation&quot;:&quot;fadeInUp&quot;,&quot;_animation_delay&quot;:2000}\" data-widget_type=\"premium-addon-banner.default\">\n\t\t\t\t<div class=\"elementor-widget-container\">\n\t\t\t\t\t<div class=\"premium-banner-ib premium-banner-min-height premium-banner-animation6 none\">\r\n\t\t\t\t\t\t\t\t\t\t<img decoding=\"async\" width=\"685\" height=\"685\" src=\"https:\/\/villaimex.com\/sitio\/wp-content\/uploads\/2020\/04\/X-Banner-2.png\" class=\"attachment-full size-full wp-image-1133\" alt=\"\" srcset=\"https:\/\/villaimex.com\/sitio\/wp-content\/uploads\/2020\/04\/X-Banner-2.png 685w, https:\/\/villaimex.com\/sitio\/wp-content\/uploads\/2020\/04\/X-Banner-2-300x300.png 300w, https:\/\/villaimex.com\/sitio\/wp-content\/uploads\/2020\/04\/X-Banner-2-150x150.png 150w, https:\/\/villaimex.com\/sitio\/wp-content\/uploads\/2020\/04\/X-Banner-2-600x600.png 600w, https:\/\/villaimex.com\/sitio\/wp-content\/uploads\/2020\/04\/X-Banner-2-100x100.png 100w\" sizes=\"(max-width: 685px) 100vw, 685px\" \/>\t\t\t\t\t\t\t\t\t<div class=\"premium-banner-ib-desc\">\r\n\t\t\t\t\t\t\t\t\t<h3 class=\"premium-banner-ib-title premium_banner_title\"><\/h3>\t\t\t\t\t\t<div class=\"premium-banner-ib-content premium_banner_content\">\r\n\t\t\t\t\t\t\t<p><span style=\"color: #000000;\"><strong>Banner personalizado, impreso a todo color sobre lona BlockOut con tintas l\u00e1tex g<\/strong><\/span><span style=\"color: #000000;\"><strong>arantizando la vida \u00fatil del producto sin perder la calidad de la impresi\u00f3n con el paso del tiempo.<\/strong><\/span><\/p><p><span style=\"color: #000000;\"><strong>Display tipo \u00a8X\u00a8, ligero, pr\u00e1ctico y totalmente port\u00e1til.<\/strong><\/span><\/p><p><span style=\"color: #000000;\"><strong>Se entrega en estuche, listo para utilizar.<\/strong><\/span><\/p>\t\t\t\t\t\t<\/div>\r\n\t\t\t\t\t\t\t\t\t\t\t\t\t\t\t\t<div class=\"premium-banner-read-more\">\r\n\t\t\t\t\t\t\t<a href=\"https:\/\/villaimex.com\/sitio\/decoracion\/expositores-y-displays\/x-banner\/\" class=\"premium-banner-link premium-button-none \" data-text=\"Leer M\u00e1s\">\r\n\t\t\t\t\t\t\t\t<div class=\"premium-button-text-icon-wrapper\">\r\n\t\t\t\t\t\t\t\t\t<span>Leer M\u00e1s<\/span>\r\n\t\t\t\t\t\t\t\t<\/div>\r\n\r\n\t\t\t\t\t\t\t\t\r\n\t\t\t\t\t\t\t\t\r\n\t\t\t\t\t\t\t<\/a>\r\n\t\t\t\t\t\t<\/div>\r\n\t\t\t\t\t\t\t\t\t\t\t\t<\/div>\r\n\t\t\t\t\t<\/div>\r\n\t\t\t\t\t\t<\/div>\n\t\t\t\t<\/div>\n\t\t\t\t\t<\/div>\n\t\t<\/div>\n\t\t\t\t<div class=\"elementor-column elementor-col-33 elementor-top-column elementor-element elementor-element-d12adba\" data-id=\"d12adba\" data-element_type=\"column\">\n\t\t\t<div class=\"elementor-widget-wrap elementor-element-populated\">\n\t\t\t\t\t\t<div class=\"elementor-element elementor-element-9ac5186 premium-title-flex-start premium-title-color elementor-invisible elementor-widget elementor-widget-premium-addon-title\" data-id=\"9ac5186\" data-element_type=\"widget\" data-settings=\"{&quot;_animation&quot;:&quot;fadeInUp&quot;,&quot;_animation_delay&quot;:1500}\" data-widget_type=\"premium-addon-title.default\">\n\t\t\t\t<div class=\"elementor-widget-container\">\n\t\t\t\r\n\t\t<div class=\"premium-title-container style4\">\r\n\t\t\t<h2 class=\"premium-title-header premium-title-style4\">\r\n\t\t\t\t\r\n\t\t\t\t\r\n\t\t\t\t\t\t\t\t\t\t\t\t<span class=\"premium-title-text\" >\r\n\t\t\t\t\tFlag Banner\t\t\t\t<\/span>\r\n\t\t\t\t\t\r\n\t\t\t\t\t\t\t\t\t\t\t<\/h2>\r\n\t\t<\/div>\r\n\r\n\t\t\t\t<\/div>\n\t\t\t\t<\/div>\n\t\t\t\t<div class=\"elementor-element elementor-element-f735275 elementor-invisible elementor-widget elementor-widget-image\" data-id=\"f735275\" data-element_type=\"widget\" data-settings=\"{&quot;_animation&quot;:&quot;fadeInUp&quot;,&quot;_animation_delay&quot;:2500}\" data-widget_type=\"image.default\">\n\t\t\t\t<div class=\"elementor-widget-container\">\n\t\t\t\t\t\t\t\t\t\t\t\t\t\t<a href=\"https:\/\/villaimex.com\/sitio\/expositores-y-displays\/flag-banner\/\">\n\t\t\t\t\t\t\t<img decoding=\"async\" width=\"650\" height=\"650\" src=\"https:\/\/villaimex.com\/sitio\/wp-content\/uploads\/2020\/04\/s650531706350725039_p18_i2_w650.jpeg\" class=\"attachment-large size-large wp-image-1325\" alt=\"\" srcset=\"https:\/\/villaimex.com\/sitio\/wp-content\/uploads\/2020\/04\/s650531706350725039_p18_i2_w650.jpeg 650w, https:\/\/villaimex.com\/sitio\/wp-content\/uploads\/2020\/04\/s650531706350725039_p18_i2_w650-300x300.jpeg 300w, https:\/\/villaimex.com\/sitio\/wp-content\/uploads\/2020\/04\/s650531706350725039_p18_i2_w650-150x150.jpeg 150w, https:\/\/villaimex.com\/sitio\/wp-content\/uploads\/2020\/04\/s650531706350725039_p18_i2_w650-600x600.jpeg 600w, https:\/\/villaimex.com\/sitio\/wp-content\/uploads\/2020\/04\/s650531706350725039_p18_i2_w650-100x100.jpeg 100w\" sizes=\"(max-width: 650px) 100vw, 650px\" \/>\t\t\t\t\t\t\t\t<\/a>\n\t\t\t\t\t\t\t\t\t\t\t\t\t<\/div>\n\t\t\t\t<\/div>\n\t\t\t\t\t<\/div>\n\t\t<\/div>\n\t\t\t\t\t<\/div>\n\t\t<\/section>\n\t\t\t\t<\/div>\n\t\t","protected":false},"excerpt":{"rendered":"<p>Un x banner o un roll up son soluciones tan vers\u00e1tiles y econ\u00f3micas como eficaces tanto para una campa\u00f1a publicitaria exterior como para exposiciones en interiores.\u00a0 La diferencia fundamental entre un\u00a0x banner\u00a0o un roll up banner\u00a0es que el x banner es un soporte hecho para estar en el exterior, al que se le puede a\u00f1adir [&hellip;]<\/p>\n","protected":false},"author":1,"featured_media":0,"parent":767,"menu_order":0,"comment_status":"closed","ping_status":"closed","template":"","meta":{"ocean_post_layout":"","ocean_both_sidebars_style":"","ocean_both_sidebars_content_width":0,"ocean_both_sidebars_sidebars_width":0,"ocean_sidebar":"0","ocean_second_sidebar":"0","ocean_disable_margins":"enable","ocean_add_body_class":"","ocean_shortcode_before_top_bar":"","ocean_shortcode_after_top_bar":"","ocean_shortcode_before_header":"","ocean_shortcode_after_header":"","ocean_has_shortcode":"","ocean_shortcode_after_title":"","ocean_shortcode_before_footer_widgets":"","ocean_shortcode_after_footer_widgets":"","ocean_shortcode_before_footer_bottom":"","ocean_shortcode_after_footer_bottom":"","ocean_display_top_bar":"default","ocean_display_header":"default","ocean_header_style":"","ocean_center_header_left_menu":"0","ocean_custom_header_template":"0","ocean_custom_logo":0,"ocean_custom_retina_logo":0,"ocean_custom_logo_max_width":0,"ocean_custom_logo_tablet_max_width":0,"ocean_custom_logo_mobile_max_width":0,"ocean_custom_logo_max_height":0,"ocean_custom_logo_tablet_max_height":0,"ocean_custom_logo_mobile_max_height":0,"ocean_header_custom_menu":"0","ocean_menu_typo_font_family":"0","ocean_menu_typo_font_subset":"","ocean_menu_typo_font_size":0,"ocean_menu_typo_font_size_tablet":0,"ocean_menu_typo_font_size_mobile":0,"ocean_menu_typo_font_size_unit":"px","ocean_menu_typo_font_weight":"","ocean_menu_typo_font_weight_tablet":"","ocean_menu_typo_font_weight_mobile":"","ocean_menu_typo_transform":"","ocean_menu_typo_transform_tablet":"","ocean_menu_typo_transform_mobile":"","ocean_menu_typo_line_height":0,"ocean_menu_typo_line_height_tablet":0,"ocean_menu_typo_line_height_mobile":0,"ocean_menu_typo_line_height_unit":"","ocean_menu_typo_spacing":0,"ocean_menu_typo_spacing_tablet":0,"ocean_menu_typo_spacing_mobile":0,"ocean_menu_typo_spacing_unit":"","ocean_menu_link_color":"","ocean_menu_link_color_hover":"","ocean_menu_link_color_active":"","ocean_menu_link_background":"","ocean_menu_link_hover_background":"","ocean_menu_link_active_background":"","ocean_menu_social_links_bg":"","ocean_menu_social_hover_links_bg":"","ocean_menu_social_links_color":"","ocean_menu_social_hover_links_color":"","ocean_disable_title":"default","ocean_disable_heading":"default","ocean_post_title":"","ocean_post_subheading":"","ocean_post_title_style":"","ocean_post_title_background_color":"","ocean_post_title_background":0,"ocean_post_title_bg_image_position":"","ocean_post_title_bg_image_attachment":"","ocean_post_title_bg_image_repeat":"","ocean_post_title_bg_image_size":"","ocean_post_title_height":0,"ocean_post_title_bg_overlay":0.5,"ocean_post_title_bg_overlay_color":"","ocean_disable_breadcrumbs":"default","ocean_breadcrumbs_color":"","ocean_breadcrumbs_separator_color":"","ocean_breadcrumbs_links_color":"","ocean_breadcrumbs_links_hover_color":"","ocean_display_footer_widgets":"default","ocean_display_footer_bottom":"default","ocean_custom_footer_template":"0","footnotes":""},"_links":{"self":[{"href":"https:\/\/villaimex.com\/sitio\/wp-json\/wp\/v2\/pages\/585"}],"collection":[{"href":"https:\/\/villaimex.com\/sitio\/wp-json\/wp\/v2\/pages"}],"about":[{"href":"https:\/\/villaimex.com\/sitio\/wp-json\/wp\/v2\/types\/page"}],"author":[{"embeddable":true,"href":"https:\/\/villaimex.com\/sitio\/wp-json\/wp\/v2\/users\/1"}],"replies":[{"embeddable":true,"href":"https:\/\/villaimex.com\/sitio\/wp-json\/wp\/v2\/comments?post=585"}],"version-history":[{"count":28,"href":"https:\/\/villaimex.com\/sitio\/wp-json\/wp\/v2\/pages\/585\/revisions"}],"predecessor-version":[{"id":1398,"href":"https:\/\/villaimex.com\/sitio\/wp-json\/wp\/v2\/pages\/585\/revisions\/1398"}],"up":[{"embeddable":true,"href":"https:\/\/villaimex.com\/sitio\/wp-json\/wp\/v2\/pages\/767"}],"wp:attachment":[{"href":"https:\/\/villaimex.com\/sitio\/wp-json\/wp\/v2\/media?parent=585"}],"curies":[{"name":"wp","href":"https:\/\/api.w.org\/{rel}","templated":true}]}}