{"id":760,"date":"2020-04-02T02:59:52","date_gmt":"2020-04-02T02:59:52","guid":{"rendered":"http:\/\/villaimex.com\/sitio\/?page_id=760"},"modified":"2020-04-20T22:57:08","modified_gmt":"2020-04-20T22:57:08","slug":"lona-fotografica","status":"publish","type":"page","link":"https:\/\/villaimex.com\/sitio\/impresion-sustentable\/lona-fotografica\/","title":{"rendered":"Lona Fotogr\u00e1fica"},"content":{"rendered":"\n<p>Una<strong>&nbsp;lona<\/strong>&nbsp;es una tela fuerte con la que se hacen velas, toldos, tiendas de campa\u00f1a, etc. En concreto, una&nbsp;<strong>lona publicitaria&nbsp;<\/strong>es un m\u00e9todo de impresi\u00f3n utilizado para divulgar anuncios de car\u00e1cter comercial que atraigan a diferentes compradores, permitiendo cambiar los anuncios de un lugar a otro.<\/p>\n\n\n\n<p>Estas&nbsp;<strong>lonas publicitarias,&nbsp;<\/strong>a diferencia de los carteles tradicionales, son m\u00e1s sencillas de instalar. Adem\u00e1s, son m\u00e1s resistentes debido a su material de fabricaci\u00f3n, y sus mensajes gozan de alta calidad y dimensiones.<\/p>\n\n\n\n<figure class=\"wp-block-gallery aligncenter columns-3 is-cropped wp-block-gallery-1 is-layout-flex wp-block-gallery-is-layout-flex\"><ul class=\"blocks-gallery-grid\"><li class=\"blocks-gallery-item\"><figure><img fetchpriority=\"high\" decoding=\"async\" width=\"400\" height=\"400\" src=\"https:\/\/villaimex.com\/sitio\/wp-content\/uploads\/2020\/04\/lonapvc1_1.jpg\" alt=\"\" data-id=\"1122\" data-link=\"https:\/\/villaimex.com\/sitio\/index.php\/lona-fotografica\/lonapvc1_1\/\" class=\"wp-image-1122\" srcset=\"https:\/\/villaimex.com\/sitio\/wp-content\/uploads\/2020\/04\/lonapvc1_1.jpg 400w, https:\/\/villaimex.com\/sitio\/wp-content\/uploads\/2020\/04\/lonapvc1_1-300x300.jpg 300w, https:\/\/villaimex.com\/sitio\/wp-content\/uploads\/2020\/04\/lonapvc1_1-150x150.jpg 150w, https:\/\/villaimex.com\/sitio\/wp-content\/uploads\/2020\/04\/lonapvc1_1-100x100.jpg 100w\" sizes=\"(max-width: 400px) 100vw, 400px\" \/><\/figure><\/li><li class=\"blocks-gallery-item\"><figure><img decoding=\"async\" width=\"400\" height=\"400\" src=\"https:\/\/villaimex.com\/sitio\/wp-content\/uploads\/2020\/04\/lonadoblecara1_1.jpg\" alt=\"\" data-id=\"1134\" data-full-url=\"https:\/\/villaimex.com\/sitio\/wp-content\/uploads\/2020\/04\/lonadoblecara1_1.jpg\" data-link=\"https:\/\/villaimex.com\/sitio\/index.php\/lona-fotografica\/lonadoblecara1_1\/\" class=\"wp-image-1134\" srcset=\"https:\/\/villaimex.com\/sitio\/wp-content\/uploads\/2020\/04\/lonadoblecara1_1.jpg 400w, https:\/\/villaimex.com\/sitio\/wp-content\/uploads\/2020\/04\/lonadoblecara1_1-300x300.jpg 300w, https:\/\/villaimex.com\/sitio\/wp-content\/uploads\/2020\/04\/lonadoblecara1_1-150x150.jpg 150w, https:\/\/villaimex.com\/sitio\/wp-content\/uploads\/2020\/04\/lonadoblecara1_1-100x100.jpg 100w\" sizes=\"(max-width: 400px) 100vw, 400px\" \/><\/figure><\/li><li class=\"blocks-gallery-item\"><figure><img decoding=\"async\" width=\"400\" height=\"400\" src=\"https:\/\/villaimex.com\/sitio\/wp-content\/uploads\/2020\/04\/lonamicro1_1_1_.jpg\" alt=\"\" data-id=\"1121\" data-link=\"https:\/\/villaimex.com\/sitio\/index.php\/lona-fotografica\/lonamicro1_1_1_\/\" class=\"wp-image-1121\" srcset=\"https:\/\/villaimex.com\/sitio\/wp-content\/uploads\/2020\/04\/lonamicro1_1_1_.jpg 400w, https:\/\/villaimex.com\/sitio\/wp-content\/uploads\/2020\/04\/lonamicro1_1_1_-300x300.jpg 300w, https:\/\/villaimex.com\/sitio\/wp-content\/uploads\/2020\/04\/lonamicro1_1_1_-150x150.jpg 150w, https:\/\/villaimex.com\/sitio\/wp-content\/uploads\/2020\/04\/lonamicro1_1_1_-100x100.jpg 100w\" sizes=\"(max-width: 400px) 100vw, 400px\" \/><\/figure><\/li><\/ul><\/figure>\n\n\n\n<p>Adem\u00e1s de estas lonas fijas, tambi\u00e9n existen las que se colocan en soportes m\u00f3viles de camiones y las que promocionan algunas empresas constructoras en determinadas gr\u00faas.<\/p>\n\n\n\n<figure class=\"wp-block-gallery aligncenter columns-2 is-cropped wp-block-gallery-2 is-layout-flex wp-block-gallery-is-layout-flex\"><ul class=\"blocks-gallery-grid\"><li class=\"blocks-gallery-item\"><figure><img loading=\"lazy\" decoding=\"async\" width=\"800\" height=\"800\" src=\"https:\/\/villaimex.com\/sitio\/wp-content\/uploads\/2020\/04\/Lona-PVC.png\" alt=\"\" data-id=\"1132\" data-link=\"https:\/\/villaimex.com\/sitio\/index.php\/lona-fotografica\/lona-pvc\/\" class=\"wp-image-1132\" srcset=\"https:\/\/villaimex.com\/sitio\/wp-content\/uploads\/2020\/04\/Lona-PVC.png 800w, https:\/\/villaimex.com\/sitio\/wp-content\/uploads\/2020\/04\/Lona-PVC-300x300.png 300w, https:\/\/villaimex.com\/sitio\/wp-content\/uploads\/2020\/04\/Lona-PVC-150x150.png 150w, https:\/\/villaimex.com\/sitio\/wp-content\/uploads\/2020\/04\/Lona-PVC-768x768.png 768w, https:\/\/villaimex.com\/sitio\/wp-content\/uploads\/2020\/04\/Lona-PVC-600x600.png 600w, https:\/\/villaimex.com\/sitio\/wp-content\/uploads\/2020\/04\/Lona-PVC-100x100.png 100w\" sizes=\"(max-width: 800px) 100vw, 800px\" \/><\/figure><\/li><li class=\"blocks-gallery-item\"><figure><img loading=\"lazy\" decoding=\"async\" width=\"768\" height=\"1024\" src=\"https:\/\/villaimex.com\/sitio\/wp-content\/uploads\/2020\/04\/WhatsApp-Image-2020-04-20-at-5.47.34-PM.jpeg\" alt=\"\" data-id=\"1406\" data-full-url=\"https:\/\/villaimex.com\/sitio\/wp-content\/uploads\/2020\/04\/WhatsApp-Image-2020-04-20-at-5.47.34-PM.jpeg\" data-link=\"https:\/\/villaimex.com\/sitio\/impresion-sustentable\/lona-fotografica\/whatsapp-image-2020-04-20-at-5-47-34-pm\/\" class=\"wp-image-1406\" srcset=\"https:\/\/villaimex.com\/sitio\/wp-content\/uploads\/2020\/04\/WhatsApp-Image-2020-04-20-at-5.47.34-PM.jpeg 768w, https:\/\/villaimex.com\/sitio\/wp-content\/uploads\/2020\/04\/WhatsApp-Image-2020-04-20-at-5.47.34-PM-225x300.jpeg 225w, https:\/\/villaimex.com\/sitio\/wp-content\/uploads\/2020\/04\/WhatsApp-Image-2020-04-20-at-5.47.34-PM-600x800.jpeg 600w\" sizes=\"(max-width: 768px) 100vw, 768px\" \/><figcaption class=\"blocks-gallery-item__caption\">Lona Microperforada Gran Formato<\/figcaption><\/figure><\/li><\/ul><\/figure>\n\n\n\n<p>Anunciarse a lo grande con nuestras&nbsp;<strong>lonas&nbsp;publicitarias personalizadas&nbsp;<\/strong>es el \u00faltimo nivel en promoci\u00f3n de la imagen. En general, podr\u00e1s usarlas en cualquier contexto que requiera una llamada de atenci\u00f3n significativa. Son perfectas para incluir el nombre y logo de tu empresa siguiendo el estilo de la imagen corporativa.&nbsp;Porque no hay otra forma de hacer llegar a m\u00e1s personas que colocar tu dise\u00f1o bien alto para que lo vea todo el mundo. Y estar orgulloso de ello, por supuesto.<\/p>\n\n\n\n<p>Impresi\u00f3n con <strong>calidad fotogr\u00e1fica<\/strong> sobre lona con acabado brillante o matte, blockout, lona trasl\u00facida, o microperforada llamada lona mesh.<br><strong>Tama\u00f1o personalizado<\/strong> <br>Refuerzo perimetral, ojales, rebase o vaina para colocar tubo de media <br>Display <strong>x banner<\/strong>, <strong>Pop Up<\/strong> Display y <strong>Roll Up<\/strong><\/p>\n\n\n\n<figure class=\"wp-block-gallery columns-2 is-cropped wp-block-gallery-3 is-layout-flex wp-block-gallery-is-layout-flex\"><ul class=\"blocks-gallery-grid\"><li class=\"blocks-gallery-item\"><figure><img loading=\"lazy\" decoding=\"async\" width=\"781\" height=\"781\" src=\"https:\/\/villaimex.com\/sitio\/wp-content\/uploads\/2020\/04\/RollUp-2.png\" alt=\"\" data-id=\"1130\" data-link=\"https:\/\/villaimex.com\/sitio\/index.php\/lona-fotografica\/rollup-2\/\" class=\"wp-image-1130\" srcset=\"https:\/\/villaimex.com\/sitio\/wp-content\/uploads\/2020\/04\/RollUp-2.png 781w, https:\/\/villaimex.com\/sitio\/wp-content\/uploads\/2020\/04\/RollUp-2-300x300.png 300w, https:\/\/villaimex.com\/sitio\/wp-content\/uploads\/2020\/04\/RollUp-2-150x150.png 150w, https:\/\/villaimex.com\/sitio\/wp-content\/uploads\/2020\/04\/RollUp-2-768x768.png 768w, https:\/\/villaimex.com\/sitio\/wp-content\/uploads\/2020\/04\/RollUp-2-600x600.png 600w, https:\/\/villaimex.com\/sitio\/wp-content\/uploads\/2020\/04\/RollUp-2-100x100.png 100w\" sizes=\"(max-width: 781px) 100vw, 781px\" \/><\/figure><\/li><li class=\"blocks-gallery-item\"><figure><img loading=\"lazy\" decoding=\"async\" width=\"685\" height=\"685\" src=\"https:\/\/villaimex.com\/sitio\/wp-content\/uploads\/2020\/04\/X-Banner-2.png\" alt=\"\" data-id=\"1133\" data-full-url=\"https:\/\/villaimex.com\/sitio\/wp-content\/uploads\/2020\/04\/X-Banner-2.png\" data-link=\"https:\/\/villaimex.com\/sitio\/index.php\/lona-fotografica\/x-banner-2-2\/\" class=\"wp-image-1133\" srcset=\"https:\/\/villaimex.com\/sitio\/wp-content\/uploads\/2020\/04\/X-Banner-2.png 685w, https:\/\/villaimex.com\/sitio\/wp-content\/uploads\/2020\/04\/X-Banner-2-300x300.png 300w, https:\/\/villaimex.com\/sitio\/wp-content\/uploads\/2020\/04\/X-Banner-2-150x150.png 150w, https:\/\/villaimex.com\/sitio\/wp-content\/uploads\/2020\/04\/X-Banner-2-600x600.png 600w, https:\/\/villaimex.com\/sitio\/wp-content\/uploads\/2020\/04\/X-Banner-2-100x100.png 100w\" sizes=\"(max-width: 685px) 100vw, 685px\" \/><\/figure><\/li><\/ul><\/figure>\n","protected":false},"excerpt":{"rendered":"<p>Una&nbsp;lona&nbsp;es una tela fuerte con la que se hacen velas, toldos, tiendas de campa\u00f1a, etc. En concreto, una&nbsp;lona publicitaria&nbsp;es un m\u00e9todo de impresi\u00f3n utilizado para divulgar anuncios de car\u00e1cter comercial que atraigan a diferentes compradores, permitiendo cambiar los anuncios de un lugar a otro. Estas&nbsp;lonas publicitarias,&nbsp;a diferencia de los carteles tradicionales, son m\u00e1s sencillas de [&hellip;]<\/p>\n","protected":false},"author":1,"featured_media":0,"parent":476,"menu_order":0,"comment_status":"closed","ping_status":"closed","template":"","meta":{"ocean_post_layout":"","ocean_both_sidebars_style":"","ocean_both_sidebars_content_width":0,"ocean_both_sidebars_sidebars_width":0,"ocean_sidebar":"0","ocean_second_sidebar":"0","ocean_disable_margins":"on","ocean_add_body_class":"","ocean_shortcode_before_top_bar":"","ocean_shortcode_after_top_bar":"","ocean_shortcode_before_header":"","ocean_shortcode_after_header":"","ocean_has_shortcode":"","ocean_shortcode_after_title":"","ocean_shortcode_before_footer_widgets":"","ocean_shortcode_after_footer_widgets":"","ocean_shortcode_before_footer_bottom":"","ocean_shortcode_after_footer_bottom":"","ocean_display_top_bar":"default","ocean_display_header":"default","ocean_header_style":"","ocean_center_header_left_menu":"0","ocean_custom_header_template":"0","ocean_custom_logo":0,"ocean_custom_retina_logo":0,"ocean_custom_logo_max_width":0,"ocean_custom_logo_tablet_max_width":0,"ocean_custom_logo_mobile_max_width":0,"ocean_custom_logo_max_height":0,"ocean_custom_logo_tablet_max_height":0,"ocean_custom_logo_mobile_max_height":0,"ocean_header_custom_menu":"0","ocean_menu_typo_font_family":"0","ocean_menu_typo_font_subset":"","ocean_menu_typo_font_size":0,"ocean_menu_typo_font_size_tablet":0,"ocean_menu_typo_font_size_mobile":0,"ocean_menu_typo_font_size_unit":"px","ocean_menu_typo_font_weight":"","ocean_menu_typo_font_weight_tablet":"","ocean_menu_typo_font_weight_mobile":"","ocean_menu_typo_transform":"","ocean_menu_typo_transform_tablet":"","ocean_menu_typo_transform_mobile":"","ocean_menu_typo_line_height":0,"ocean_menu_typo_line_height_tablet":0,"ocean_menu_typo_line_height_mobile":0,"ocean_menu_typo_line_height_unit":"","ocean_menu_typo_spacing":0,"ocean_menu_typo_spacing_tablet":0,"ocean_menu_typo_spacing_mobile":0,"ocean_menu_typo_spacing_unit":"","ocean_menu_link_color":"","ocean_menu_link_color_hover":"","ocean_menu_link_color_active":"","ocean_menu_link_background":"","ocean_menu_link_hover_background":"","ocean_menu_link_active_background":"","ocean_menu_social_links_bg":"","ocean_menu_social_hover_links_bg":"","ocean_menu_social_links_color":"","ocean_menu_social_hover_links_color":"","ocean_disable_title":"default","ocean_disable_heading":"default","ocean_post_title":"","ocean_post_subheading":"","ocean_post_title_style":"","ocean_post_title_background_color":"","ocean_post_title_background":0,"ocean_post_title_bg_image_position":"","ocean_post_title_bg_image_attachment":"","ocean_post_title_bg_image_repeat":"","ocean_post_title_bg_image_size":"","ocean_post_title_height":0,"ocean_post_title_bg_overlay":0.5,"ocean_post_title_bg_overlay_color":"","ocean_disable_breadcrumbs":"default","ocean_breadcrumbs_color":"","ocean_breadcrumbs_separator_color":"","ocean_breadcrumbs_links_color":"","ocean_breadcrumbs_links_hover_color":"","ocean_display_footer_widgets":"default","ocean_display_footer_bottom":"default","ocean_custom_footer_template":"0","footnotes":""},"_links":{"self":[{"href":"https:\/\/villaimex.com\/sitio\/wp-json\/wp\/v2\/pages\/760"}],"collection":[{"href":"https:\/\/villaimex.com\/sitio\/wp-json\/wp\/v2\/pages"}],"about":[{"href":"https:\/\/villaimex.com\/sitio\/wp-json\/wp\/v2\/types\/page"}],"author":[{"embeddable":true,"href":"https:\/\/villaimex.com\/sitio\/wp-json\/wp\/v2\/users\/1"}],"replies":[{"embeddable":true,"href":"https:\/\/villaimex.com\/sitio\/wp-json\/wp\/v2\/comments?post=760"}],"version-history":[{"count":5,"href":"https:\/\/villaimex.com\/sitio\/wp-json\/wp\/v2\/pages\/760\/revisions"}],"predecessor-version":[{"id":1407,"href":"https:\/\/villaimex.com\/sitio\/wp-json\/wp\/v2\/pages\/760\/revisions\/1407"}],"up":[{"embeddable":true,"href":"https:\/\/villaimex.com\/sitio\/wp-json\/wp\/v2\/pages\/476"}],"wp:attachment":[{"href":"https:\/\/villaimex.com\/sitio\/wp-json\/wp\/v2\/media?parent=760"}],"curies":[{"name":"wp","href":"https:\/\/api.w.org\/{rel}","templated":true}]}}