{"id":762,"date":"2020-04-02T02:59:52","date_gmt":"2020-04-02T02:59:52","guid":{"rendered":"http:\/\/villaimex.com\/sitio\/?page_id=762"},"modified":"2020-04-18T03:19:45","modified_gmt":"2020-04-18T03:19:45","slug":"microperforado","status":"publish","type":"page","link":"https:\/\/villaimex.com\/sitio\/impresion-sustentable\/microperforado\/","title":{"rendered":"Microperforado"},"content":{"rendered":"\n<p>El Vinilo <strong>One Way Vision<\/strong>\u00a0es un sustrato de impresi\u00f3n microperforado, dise\u00f1ado para aplicar gr\u00e1fica en vidrios y materiales transparentes, permitiendo posicionando una gr\u00e1fica impresa por uno de sus lados y respetando la visi\u00f3n del usuario desde el reverso de la gr\u00e1fica. Este material es apto para impresi\u00f3n en alta resoluci\u00f3n en aplicaciones de interior y exterior.<\/p>\n\n\n\n<p>Este tipo de\u00a0<strong>Vinil<\/strong>\u00a0est\u00e1 estrat\u00e9gicamente microperforado para favorecer el paso de la luz sin que tus impresiones o publicidad sufran cambios o deformaciones, tambi\u00e9n ayuda a no oscurecer el interior de tu local o negocio. Es ideal para superficies de cristal, es un material flexible que facilita su aplicaci\u00f3n en donde lo desees, por lo que el material es ideal para rotulaci\u00f3n de ventanas y gran resistencia a las altas temperaturas.<\/p>\n\n\n\n<figure class=\"wp-block-gallery columns-2 is-cropped wp-block-gallery-1 is-layout-flex wp-block-gallery-is-layout-flex\"><ul class=\"blocks-gallery-grid\"><li class=\"blocks-gallery-item\"><figure><img fetchpriority=\"high\" decoding=\"async\" width=\"639\" height=\"346\" src=\"https:\/\/villaimex.com\/sitio\/wp-content\/uploads\/2020\/04\/vinilo-microperforado.jpg\" alt=\"\" data-id=\"1176\" class=\"wp-image-1176\" srcset=\"https:\/\/villaimex.com\/sitio\/wp-content\/uploads\/2020\/04\/vinilo-microperforado.jpg 639w, https:\/\/villaimex.com\/sitio\/wp-content\/uploads\/2020\/04\/vinilo-microperforado-300x162.jpg 300w, https:\/\/villaimex.com\/sitio\/wp-content\/uploads\/2020\/04\/vinilo-microperforado-600x325.jpg 600w\" sizes=\"(max-width: 639px) 100vw, 639px\" \/><\/figure><\/li><li class=\"blocks-gallery-item\"><figure><img decoding=\"async\" width=\"1024\" height=\"731\" src=\"https:\/\/villaimex.com\/sitio\/wp-content\/uploads\/2020\/04\/imprimir-vinilo-microperforado-cristales-coche-2-966809.jpg\" alt=\"\" data-id=\"1177\" data-full-url=\"https:\/\/villaimex.com\/sitio\/wp-content\/uploads\/2020\/04\/imprimir-vinilo-microperforado-cristales-coche-2-966809.jpg\" data-link=\"https:\/\/villaimex.com\/sitio\/index.php\/microperforado\/imprimir-vinilo-microperforado-cristales-coche-2-966809\/\" class=\"wp-image-1177\" srcset=\"https:\/\/villaimex.com\/sitio\/wp-content\/uploads\/2020\/04\/imprimir-vinilo-microperforado-cristales-coche-2-966809.jpg 1024w, https:\/\/villaimex.com\/sitio\/wp-content\/uploads\/2020\/04\/imprimir-vinilo-microperforado-cristales-coche-2-966809-300x214.jpg 300w, https:\/\/villaimex.com\/sitio\/wp-content\/uploads\/2020\/04\/imprimir-vinilo-microperforado-cristales-coche-2-966809-768x548.jpg 768w, https:\/\/villaimex.com\/sitio\/wp-content\/uploads\/2020\/04\/imprimir-vinilo-microperforado-cristales-coche-2-966809-600x428.jpg 600w\" sizes=\"(max-width: 1024px) 100vw, 1024px\" \/><\/figure><\/li><\/ul><\/figure>\n\n\n\n<p>Una buena opci\u00f3n para rotular nuestro veh\u00edculo de trabajo es hacerlo con vinilo microperforado. En\u00a0VillaiMEX\u00a0imprimimos y colocamos vinilo microperforado en los cristales de tu veh\u00edculo. Con este tipo de vinilo lo que conseguimos es plasmar nuestra imagen de la empresa, a la vez que damos visibilidad desde el interior. Tambi\u00e9n conseguimos que no se vea f\u00e1cilmente el interior.<\/p>\n\n\n\n<figure class=\"wp-block-image size-large is-resized\"><img decoding=\"async\" src=\"https:\/\/villaimex.com\/sitio\/wp-content\/uploads\/2020\/04\/1476099329.jpg\" alt=\"\" class=\"wp-image-1178\" width=\"515\" height=\"242\" srcset=\"https:\/\/villaimex.com\/sitio\/wp-content\/uploads\/2020\/04\/1476099329.jpg 515w, https:\/\/villaimex.com\/sitio\/wp-content\/uploads\/2020\/04\/1476099329-300x141.jpg 300w\" sizes=\"(max-width: 515px) 100vw, 515px\" \/><\/figure>\n","protected":false},"excerpt":{"rendered":"<p>El Vinilo One Way Vision\u00a0es un sustrato de impresi\u00f3n microperforado, dise\u00f1ado para aplicar gr\u00e1fica en vidrios y materiales transparentes, permitiendo posicionando una gr\u00e1fica impresa por uno de sus lados y respetando la visi\u00f3n del usuario desde el reverso de la gr\u00e1fica. Este material es apto para impresi\u00f3n en alta resoluci\u00f3n en aplicaciones de interior y [&hellip;]<\/p>\n","protected":false},"author":1,"featured_media":0,"parent":476,"menu_order":0,"comment_status":"closed","ping_status":"closed","template":"","meta":{"ocean_post_layout":"","ocean_both_sidebars_style":"","ocean_both_sidebars_content_width":0,"ocean_both_sidebars_sidebars_width":0,"ocean_sidebar":"0","ocean_second_sidebar":"0","ocean_disable_margins":"enable","ocean_add_body_class":"","ocean_shortcode_before_top_bar":"","ocean_shortcode_after_top_bar":"","ocean_shortcode_before_header":"","ocean_shortcode_after_header":"","ocean_has_shortcode":"","ocean_shortcode_after_title":"","ocean_shortcode_before_footer_widgets":"","ocean_shortcode_after_footer_widgets":"","ocean_shortcode_before_footer_bottom":"","ocean_shortcode_after_footer_bottom":"","ocean_display_top_bar":"default","ocean_display_header":"default","ocean_header_style":"","ocean_center_header_left_menu":"0","ocean_custom_header_template":"0","ocean_custom_logo":0,"ocean_custom_retina_logo":0,"ocean_custom_logo_max_width":0,"ocean_custom_logo_tablet_max_width":0,"ocean_custom_logo_mobile_max_width":0,"ocean_custom_logo_max_height":0,"ocean_custom_logo_tablet_max_height":0,"ocean_custom_logo_mobile_max_height":0,"ocean_header_custom_menu":"0","ocean_menu_typo_font_family":"0","ocean_menu_typo_font_subset":"","ocean_menu_typo_font_size":0,"ocean_menu_typo_font_size_tablet":0,"ocean_menu_typo_font_size_mobile":0,"ocean_menu_typo_font_size_unit":"px","ocean_menu_typo_font_weight":"","ocean_menu_typo_font_weight_tablet":"","ocean_menu_typo_font_weight_mobile":"","ocean_menu_typo_transform":"","ocean_menu_typo_transform_tablet":"","ocean_menu_typo_transform_mobile":"","ocean_menu_typo_line_height":0,"ocean_menu_typo_line_height_tablet":0,"ocean_menu_typo_line_height_mobile":0,"ocean_menu_typo_line_height_unit":"","ocean_menu_typo_spacing":0,"ocean_menu_typo_spacing_tablet":0,"ocean_menu_typo_spacing_mobile":0,"ocean_menu_typo_spacing_unit":"","ocean_menu_link_color":"","ocean_menu_link_color_hover":"","ocean_menu_link_color_active":"","ocean_menu_link_background":"","ocean_menu_link_hover_background":"","ocean_menu_link_active_background":"","ocean_menu_social_links_bg":"","ocean_menu_social_hover_links_bg":"","ocean_menu_social_links_color":"","ocean_menu_social_hover_links_color":"","ocean_disable_title":"default","ocean_disable_heading":"default","ocean_post_title":"","ocean_post_subheading":"","ocean_post_title_style":"","ocean_post_title_background_color":"","ocean_post_title_background":0,"ocean_post_title_bg_image_position":"","ocean_post_title_bg_image_attachment":"","ocean_post_title_bg_image_repeat":"","ocean_post_title_bg_image_size":"","ocean_post_title_height":0,"ocean_post_title_bg_overlay":0.5,"ocean_post_title_bg_overlay_color":"","ocean_disable_breadcrumbs":"default","ocean_breadcrumbs_color":"","ocean_breadcrumbs_separator_color":"","ocean_breadcrumbs_links_color":"","ocean_breadcrumbs_links_hover_color":"","ocean_display_footer_widgets":"default","ocean_display_footer_bottom":"default","ocean_custom_footer_template":"0","footnotes":""},"_links":{"self":[{"href":"https:\/\/villaimex.com\/sitio\/wp-json\/wp\/v2\/pages\/762"}],"collection":[{"href":"https:\/\/villaimex.com\/sitio\/wp-json\/wp\/v2\/pages"}],"about":[{"href":"https:\/\/villaimex.com\/sitio\/wp-json\/wp\/v2\/types\/page"}],"author":[{"embeddable":true,"href":"https:\/\/villaimex.com\/sitio\/wp-json\/wp\/v2\/users\/1"}],"replies":[{"embeddable":true,"href":"https:\/\/villaimex.com\/sitio\/wp-json\/wp\/v2\/comments?post=762"}],"version-history":[{"count":2,"href":"https:\/\/villaimex.com\/sitio\/wp-json\/wp\/v2\/pages\/762\/revisions"}],"predecessor-version":[{"id":1179,"href":"https:\/\/villaimex.com\/sitio\/wp-json\/wp\/v2\/pages\/762\/revisions\/1179"}],"up":[{"embeddable":true,"href":"https:\/\/villaimex.com\/sitio\/wp-json\/wp\/v2\/pages\/476"}],"wp:attachment":[{"href":"https:\/\/villaimex.com\/sitio\/wp-json\/wp\/v2\/media?parent=762"}],"curies":[{"name":"wp","href":"https:\/\/api.w.org\/{rel}","templated":true}]}}