{"id":763,"date":"2020-04-02T02:59:52","date_gmt":"2020-04-02T02:59:52","guid":{"rendered":"http:\/\/villaimex.com\/sitio\/?page_id=763"},"modified":"2020-04-16T23:06:55","modified_gmt":"2020-04-16T23:06:55","slug":"viniles","status":"publish","type":"page","link":"https:\/\/villaimex.com\/sitio\/impresion-sustentable\/viniles\/","title":{"rendered":"Viniles"},"content":{"rendered":"\t\t<div data-elementor-type=\"wp-page\" data-elementor-id=\"763\" class=\"elementor elementor-763\">\n\t\t\t\t\t\t<section class=\"elementor-section elementor-top-section elementor-element elementor-element-92d5b51 elementor-section-boxed elementor-section-height-default elementor-section-height-default\" data-id=\"92d5b51\" data-element_type=\"section\">\n\t\t\t\t\t\t<div class=\"elementor-container elementor-column-gap-default\">\n\t\t\t\t\t<div class=\"elementor-column elementor-col-50 elementor-top-column elementor-element elementor-element-28ab815\" data-id=\"28ab815\" data-element_type=\"column\">\n\t\t\t<div class=\"elementor-widget-wrap elementor-element-populated\">\n\t\t\t\t\t\t<div class=\"elementor-element elementor-element-47e0858 elementor-widget elementor-widget-image\" data-id=\"47e0858\" data-element_type=\"widget\" data-widget_type=\"image.default\">\n\t\t\t\t<div class=\"elementor-widget-container\">\n\t\t\t\t\t\t\t\t\t\t\t\t\t<img fetchpriority=\"high\" decoding=\"async\" width=\"1024\" height=\"768\" src=\"https:\/\/villaimex.com\/sitio\/wp-content\/uploads\/2016\/03\/1-1024x768.jpg\" class=\"attachment-large size-large wp-image-548\" alt=\"\" srcset=\"https:\/\/villaimex.com\/sitio\/wp-content\/uploads\/2016\/03\/1-1024x768.jpg 1024w, https:\/\/villaimex.com\/sitio\/wp-content\/uploads\/2016\/03\/1-600x450.jpg 600w, https:\/\/villaimex.com\/sitio\/wp-content\/uploads\/2016\/03\/1-300x225.jpg 300w, https:\/\/villaimex.com\/sitio\/wp-content\/uploads\/2016\/03\/1.jpg 1067w\" sizes=\"(max-width: 1024px) 100vw, 1024px\" \/>\t\t\t\t\t\t\t\t\t\t\t\t\t<\/div>\n\t\t\t\t<\/div>\n\t\t\t\t\t<\/div>\n\t\t<\/div>\n\t\t\t\t<div class=\"elementor-column elementor-col-50 elementor-top-column elementor-element elementor-element-4bb2cbe\" data-id=\"4bb2cbe\" data-element_type=\"column\">\n\t\t\t<div class=\"elementor-widget-wrap elementor-element-populated\">\n\t\t\t\t\t\t<div class=\"elementor-element elementor-element-cde1ef5 elementor-widget elementor-widget-text-editor\" data-id=\"cde1ef5\" data-element_type=\"widget\" data-widget_type=\"text-editor.default\">\n\t\t\t\t<div class=\"elementor-widget-container\">\n\t\t\t\t\t\t\t<p class=\"system-pagebreak\">El vinilo autoadhesivo publicitario es el soporte gr\u00e1fico para Impresi\u00f3n digital en gran formato m\u00e1s utilizado.<\/p><p>La impresi\u00f3n en vinil autoadhesivo ofrece una gran durabilidad, extraordinaria reproducci\u00f3n de colores y una f\u00e1cil aplicaci\u00f3n que lo convierte en el material de impresi\u00f3n favorito para la rotulaci\u00f3n de superficies preferentemente planas, para evitar la acumulaci\u00f3n de burbujas.<\/p><p>Al tratarse de un material adhesivo, el<em>\u00a0vinilo autoadhesivo publicitario<\/em>\u00a0permite su aplicaci\u00f3n sobre una gran cantidad de soportes, siempre que estos sean lisos y no porosos, como el vidrio, los metales, superficies plastificadas, azulejos, soler\u00eda de diverso tipo, maderas laminadas o plastificadas, etc.<\/p><p>Las modernas m\u00e1quinas de impresi\u00f3n digital permiten obtener unos acabados sobre\u00a0<em>vinilo autoadhesivo publicitario<\/em>\u00a0de alt\u00edsima calidad en alta resoluci\u00f3n por lo que en los montajes pr\u00f3ximos al observador como escaparates de tiendas, carteler\u00eda de centros comerciales, escaleras, paneles verticales y un largo etc\u00e9tera, las impresiones alcanzan un gran detalle.<\/p>\t\t\t\t\t\t<\/div>\n\t\t\t\t<\/div>\n\t\t\t\t\t<\/div>\n\t\t<\/div>\n\t\t\t\t\t<\/div>\n\t\t<\/section>\n\t\t\t\t<section class=\"elementor-section elementor-top-section elementor-element elementor-element-d2858f6 elementor-section-boxed elementor-section-height-default elementor-section-height-default\" data-id=\"d2858f6\" data-element_type=\"section\">\n\t\t\t\t\t\t<div class=\"elementor-container elementor-column-gap-default\">\n\t\t\t\t\t<div class=\"elementor-column elementor-col-100 elementor-top-column elementor-element elementor-element-98da1e3\" data-id=\"98da1e3\" data-element_type=\"column\">\n\t\t\t<div class=\"elementor-widget-wrap elementor-element-populated\">\n\t\t\t\t\t\t<div class=\"elementor-element elementor-element-61db665 elementor-arrows-position-inside elementor-widget elementor-widget-image-carousel\" data-id=\"61db665\" data-element_type=\"widget\" data-settings=\"{&quot;slides_to_show&quot;:&quot;3&quot;,&quot;navigation&quot;:&quot;arrows&quot;,&quot;autoplay&quot;:&quot;yes&quot;,&quot;pause_on_hover&quot;:&quot;yes&quot;,&quot;pause_on_interaction&quot;:&quot;yes&quot;,&quot;autoplay_speed&quot;:5000,&quot;infinite&quot;:&quot;yes&quot;,&quot;speed&quot;:500}\" data-widget_type=\"image-carousel.default\">\n\t\t\t\t<div class=\"elementor-widget-container\">\n\t\t\t\t\t<div class=\"elementor-image-carousel-wrapper swiper\" dir=\"ltr\">\n\t\t\t<div class=\"elementor-image-carousel swiper-wrapper\" aria-live=\"off\">\n\t\t\t\t\t\t\t\t<div class=\"swiper-slide\" role=\"group\" aria-roledescription=\"slide\" aria-label=\"1 de 12\"><figure class=\"swiper-slide-inner\"><img decoding=\"async\" class=\"swiper-slide-image\" src=\"https:\/\/villaimex.com\/sitio\/wp-content\/uploads\/2020\/04\/e99ca7adfdd5f2a3133b40cc50d6e6ca-300x199.jpg\" alt=\"e99ca7adfdd5f2a3133b40cc50d6e6ca\" \/><\/figure><\/div><div class=\"swiper-slide\" role=\"group\" aria-roledescription=\"slide\" aria-label=\"2 de 12\"><figure class=\"swiper-slide-inner\"><img decoding=\"async\" class=\"swiper-slide-image\" src=\"https:\/\/villaimex.com\/sitio\/wp-content\/uploads\/2020\/04\/Directorio-portal_P\u00e1gina_1-1024x824-1-300x241.jpg\" alt=\"Directorio-portal_P\u00e1gina_1-1024x824-1\" \/><\/figure><\/div><div class=\"swiper-slide\" role=\"group\" aria-roledescription=\"slide\" aria-label=\"3 de 12\"><figure class=\"swiper-slide-inner\"><img decoding=\"async\" class=\"swiper-slide-image\" src=\"https:\/\/villaimex.com\/sitio\/wp-content\/uploads\/2020\/04\/deae637626315.560aec23725ea-300x215.jpg\" alt=\"deae637626315.560aec23725ea\" \/><\/figure><\/div><div class=\"swiper-slide\" role=\"group\" aria-roledescription=\"slide\" aria-label=\"4 de 12\"><figure class=\"swiper-slide-inner\"><img decoding=\"async\" class=\"swiper-slide-image\" src=\"https:\/\/villaimex.com\/sitio\/wp-content\/uploads\/2020\/04\/3e0046359cdf3a72100c67a7ad229116-300x276.jpg\" alt=\"3e0046359cdf3a72100c67a7ad229116\" \/><\/figure><\/div><div class=\"swiper-slide\" role=\"group\" aria-roledescription=\"slide\" aria-label=\"5 de 12\"><figure class=\"swiper-slide-inner\"><img decoding=\"async\" class=\"swiper-slide-image\" src=\"https:\/\/villaimex.com\/sitio\/wp-content\/uploads\/2020\/04\/Pipa-Gas-Ideal-Rotulacion-300x214.png\" alt=\"Pipa Gas Ideal Rotulacion\" \/><\/figure><\/div><div class=\"swiper-slide\" role=\"group\" aria-roledescription=\"slide\" aria-label=\"6 de 12\"><figure class=\"swiper-slide-inner\"><img decoding=\"async\" class=\"swiper-slide-image\" src=\"https:\/\/villaimex.com\/sitio\/wp-content\/uploads\/2020\/04\/van-rotulacion-300x214.png\" alt=\"van rotulacion\" \/><\/figure><\/div><div class=\"swiper-slide\" role=\"group\" aria-roledescription=\"slide\" aria-label=\"7 de 12\"><figure class=\"swiper-slide-inner\"><img decoding=\"async\" class=\"swiper-slide-image\" src=\"https:\/\/villaimex.com\/sitio\/wp-content\/uploads\/2016\/03\/9-300x225.jpg\" alt=\"9\" \/><\/figure><\/div><div class=\"swiper-slide\" role=\"group\" aria-roledescription=\"slide\" aria-label=\"8 de 12\"><figure class=\"swiper-slide-inner\"><img decoding=\"async\" class=\"swiper-slide-image\" src=\"https:\/\/villaimex.com\/sitio\/wp-content\/uploads\/2020\/04\/etiquetas-300x200.png\" alt=\"etiquetas\" \/><\/figure><\/div><div class=\"swiper-slide\" role=\"group\" aria-roledescription=\"slide\" aria-label=\"9 de 12\"><figure class=\"swiper-slide-inner\"><img decoding=\"async\" class=\"swiper-slide-image\" src=\"https:\/\/villaimex.com\/sitio\/wp-content\/uploads\/2020\/04\/image-300x169.gif\" alt=\"image\" \/><\/figure><\/div><div class=\"swiper-slide\" role=\"group\" aria-roledescription=\"slide\" aria-label=\"10 de 12\"><figure class=\"swiper-slide-inner\"><img decoding=\"async\" class=\"swiper-slide-image\" src=\"https:\/\/villaimex.com\/sitio\/wp-content\/uploads\/2020\/04\/vinil-recortado-en-vidrio-300x169.jpg\" alt=\"vinil-recortado-en-vidrio\" \/><\/figure><\/div><div class=\"swiper-slide\" role=\"group\" aria-roledescription=\"slide\" aria-label=\"11 de 12\"><figure class=\"swiper-slide-inner\"><img decoding=\"async\" class=\"swiper-slide-image\" src=\"https:\/\/villaimex.com\/sitio\/wp-content\/uploads\/2020\/04\/11550-300x281.jpg\" alt=\"11550\" \/><\/figure><\/div><div class=\"swiper-slide\" role=\"group\" aria-roledescription=\"slide\" aria-label=\"12 de 12\"><figure class=\"swiper-slide-inner\"><img decoding=\"async\" class=\"swiper-slide-image\" src=\"https:\/\/villaimex.com\/sitio\/wp-content\/uploads\/2020\/04\/cuadro-acr-490x490-1-300x300.jpg\" alt=\"cuadro-acr-490x490\" \/><\/figure><\/div>\t\t\t<\/div>\n\t\t\t\t\t\t\t\t\t\t\t\t<div class=\"elementor-swiper-button elementor-swiper-button-prev\" role=\"button\" tabindex=\"0\">\n\t\t\t\t\t\t<i aria-hidden=\"true\" class=\"eicon-chevron-left\"><\/i>\t\t\t\t\t<\/div>\n\t\t\t\t\t<div class=\"elementor-swiper-button elementor-swiper-button-next\" role=\"button\" tabindex=\"0\">\n\t\t\t\t\t\t<i aria-hidden=\"true\" class=\"eicon-chevron-right\"><\/i>\t\t\t\t\t<\/div>\n\t\t\t\t\n\t\t\t\t\t\t\t\t\t<\/div>\n\t\t\t\t<\/div>\n\t\t\t\t<\/div>\n\t\t\t\t\t<\/div>\n\t\t<\/div>\n\t\t\t\t\t<\/div>\n\t\t<\/section>\n\t\t\t\t<\/div>\n\t\t","protected":false},"excerpt":{"rendered":"<p>El vinilo autoadhesivo publicitario es el soporte gr\u00e1fico para Impresi\u00f3n digital en gran formato m\u00e1s utilizado. La impresi\u00f3n en vinil autoadhesivo ofrece una gran durabilidad, extraordinaria reproducci\u00f3n de colores y una f\u00e1cil aplicaci\u00f3n que lo convierte en el material de impresi\u00f3n favorito para la rotulaci\u00f3n de superficies preferentemente planas, para evitar la acumulaci\u00f3n de burbujas. [&hellip;]<\/p>\n","protected":false},"author":1,"featured_media":0,"parent":476,"menu_order":0,"comment_status":"closed","ping_status":"closed","template":"","meta":{"ocean_post_layout":"","ocean_both_sidebars_style":"","ocean_both_sidebars_content_width":0,"ocean_both_sidebars_sidebars_width":0,"ocean_sidebar":"0","ocean_second_sidebar":"0","ocean_disable_margins":"enable","ocean_add_body_class":"","ocean_shortcode_before_top_bar":"","ocean_shortcode_after_top_bar":"","ocean_shortcode_before_header":"","ocean_shortcode_after_header":"","ocean_has_shortcode":"","ocean_shortcode_after_title":"","ocean_shortcode_before_footer_widgets":"","ocean_shortcode_after_footer_widgets":"","ocean_shortcode_before_footer_bottom":"","ocean_shortcode_after_footer_bottom":"","ocean_display_top_bar":"default","ocean_display_header":"default","ocean_header_style":"minimal","ocean_center_header_left_menu":"0","ocean_custom_header_template":"0","ocean_custom_logo":0,"ocean_custom_retina_logo":0,"ocean_custom_logo_max_width":0,"ocean_custom_logo_tablet_max_width":0,"ocean_custom_logo_mobile_max_width":0,"ocean_custom_logo_max_height":0,"ocean_custom_logo_tablet_max_height":0,"ocean_custom_logo_mobile_max_height":0,"ocean_header_custom_menu":"0","ocean_menu_typo_font_family":"0","ocean_menu_typo_font_subset":"","ocean_menu_typo_font_size":0,"ocean_menu_typo_font_size_tablet":0,"ocean_menu_typo_font_size_mobile":0,"ocean_menu_typo_font_size_unit":"px","ocean_menu_typo_font_weight":"","ocean_menu_typo_font_weight_tablet":"","ocean_menu_typo_font_weight_mobile":"","ocean_menu_typo_transform":"","ocean_menu_typo_transform_tablet":"","ocean_menu_typo_transform_mobile":"","ocean_menu_typo_line_height":0,"ocean_menu_typo_line_height_tablet":0,"ocean_menu_typo_line_height_mobile":0,"ocean_menu_typo_line_height_unit":"","ocean_menu_typo_spacing":0,"ocean_menu_typo_spacing_tablet":0,"ocean_menu_typo_spacing_mobile":0,"ocean_menu_typo_spacing_unit":"","ocean_menu_link_color":"","ocean_menu_link_color_hover":"","ocean_menu_link_color_active":"","ocean_menu_link_background":"","ocean_menu_link_hover_background":"","ocean_menu_link_active_background":"","ocean_menu_social_links_bg":"","ocean_menu_social_hover_links_bg":"","ocean_menu_social_links_color":"","ocean_menu_social_hover_links_color":"","ocean_disable_title":"default","ocean_disable_heading":"on","ocean_post_title":"","ocean_post_subheading":"","ocean_post_title_style":"","ocean_post_title_background_color":"","ocean_post_title_background":0,"ocean_post_title_bg_image_position":"","ocean_post_title_bg_image_attachment":"","ocean_post_title_bg_image_repeat":"","ocean_post_title_bg_image_size":"","ocean_post_title_height":0,"ocean_post_title_bg_overlay":0.5,"ocean_post_title_bg_overlay_color":"","ocean_disable_breadcrumbs":"default","ocean_breadcrumbs_color":"","ocean_breadcrumbs_separator_color":"","ocean_breadcrumbs_links_color":"","ocean_breadcrumbs_links_hover_color":"","ocean_display_footer_widgets":"default","ocean_display_footer_bottom":"default","ocean_custom_footer_template":"0","footnotes":""},"_links":{"self":[{"href":"https:\/\/villaimex.com\/sitio\/wp-json\/wp\/v2\/pages\/763"}],"collection":[{"href":"https:\/\/villaimex.com\/sitio\/wp-json\/wp\/v2\/pages"}],"about":[{"href":"https:\/\/villaimex.com\/sitio\/wp-json\/wp\/v2\/types\/page"}],"author":[{"embeddable":true,"href":"https:\/\/villaimex.com\/sitio\/wp-json\/wp\/v2\/users\/1"}],"replies":[{"embeddable":true,"href":"https:\/\/villaimex.com\/sitio\/wp-json\/wp\/v2\/comments?post=763"}],"version-history":[{"count":2,"href":"https:\/\/villaimex.com\/sitio\/wp-json\/wp\/v2\/pages\/763\/revisions"}],"predecessor-version":[{"id":1354,"href":"https:\/\/villaimex.com\/sitio\/wp-json\/wp\/v2\/pages\/763\/revisions\/1354"}],"up":[{"embeddable":true,"href":"https:\/\/villaimex.com\/sitio\/wp-json\/wp\/v2\/pages\/476"}],"wp:attachment":[{"href":"https:\/\/villaimex.com\/sitio\/wp-json\/wp\/v2\/media?parent=763"}],"curies":[{"name":"wp","href":"https:\/\/api.w.org\/{rel}","templated":true}]}}