{"id":769,"date":"2020-04-02T02:59:52","date_gmt":"2020-04-02T02:59:52","guid":{"rendered":"http:\/\/villaimex.com\/sitio\/?page_id=769"},"modified":"2020-04-16T17:44:29","modified_gmt":"2020-04-16T17:44:29","slug":"roll-up","status":"publish","type":"page","link":"https:\/\/villaimex.com\/sitio\/decoracion\/expositores-y-displays\/roll-up\/","title":{"rendered":"Roll Up"},"content":{"rendered":"\t\t<div data-elementor-type=\"wp-page\" data-elementor-id=\"769\" class=\"elementor elementor-769\">\n\t\t\t\t\t\t<section class=\"elementor-section elementor-top-section elementor-element elementor-element-d9c739d elementor-section-boxed elementor-section-height-default elementor-section-height-default\" data-id=\"d9c739d\" data-element_type=\"section\">\n\t\t\t\t\t\t<div class=\"elementor-container elementor-column-gap-default\">\n\t\t\t\t\t<div class=\"elementor-column elementor-col-50 elementor-top-column elementor-element elementor-element-de7b803\" data-id=\"de7b803\" data-element_type=\"column\">\n\t\t\t<div class=\"elementor-widget-wrap elementor-element-populated\">\n\t\t\t\t\t\t<div class=\"elementor-element elementor-element-f5b987c elementor-widget elementor-widget-image\" data-id=\"f5b987c\" data-element_type=\"widget\" data-widget_type=\"image.default\">\n\t\t\t\t<div class=\"elementor-widget-container\">\n\t\t\t\t\t\t\t\t\t\t\t\t\t<img fetchpriority=\"high\" decoding=\"async\" width=\"781\" height=\"781\" src=\"https:\/\/villaimex.com\/sitio\/wp-content\/uploads\/2020\/04\/RollUp-3.png\" class=\"attachment-large size-large wp-image-1337\" alt=\"\" srcset=\"https:\/\/villaimex.com\/sitio\/wp-content\/uploads\/2020\/04\/RollUp-3.png 781w, https:\/\/villaimex.com\/sitio\/wp-content\/uploads\/2020\/04\/RollUp-3-300x300.png 300w, https:\/\/villaimex.com\/sitio\/wp-content\/uploads\/2020\/04\/RollUp-3-150x150.png 150w, https:\/\/villaimex.com\/sitio\/wp-content\/uploads\/2020\/04\/RollUp-3-768x768.png 768w, https:\/\/villaimex.com\/sitio\/wp-content\/uploads\/2020\/04\/RollUp-3-600x600.png 600w, https:\/\/villaimex.com\/sitio\/wp-content\/uploads\/2020\/04\/RollUp-3-100x100.png 100w\" sizes=\"(max-width: 781px) 100vw, 781px\" \/>\t\t\t\t\t\t\t\t\t\t\t\t\t<\/div>\n\t\t\t\t<\/div>\n\t\t\t\t\t<\/div>\n\t\t<\/div>\n\t\t\t\t<div class=\"elementor-column elementor-col-50 elementor-top-column elementor-element elementor-element-a6e5f8a\" data-id=\"a6e5f8a\" data-element_type=\"column\">\n\t\t\t<div class=\"elementor-widget-wrap elementor-element-populated\">\n\t\t\t\t\t\t<div class=\"elementor-element elementor-element-09494a4 elementor-widget elementor-widget-text-editor\" data-id=\"09494a4\" data-element_type=\"widget\" data-widget_type=\"text-editor.default\">\n\t\t\t\t<div class=\"elementor-widget-container\">\n\t\t\t\t\t\t\t<p align=\"justify\">Los <strong>Roll Up <\/strong>son un tipo de publicidad en formato display con una caracter\u00edstica muy peculiar: son auto enrollables. As\u00ed, gracias a una estructura superior de aluminio se puede enrollar y desenrollar el soporte gr\u00e1fico sin necesidad de realizar ning\u00fan tipo de instalaci\u00f3n, tal como sucede con otros formatos publicitarios tipo banner o display tradicional. Entonces, a trav\u00e9s de los roll ups las empresas pueden publicitar su negocio, idea o servicio de una forma eficiente, con un transporte f\u00e1cil y, sobre todo, sin gastar grandes sumas de dinero en publicidad porque los precios de este tipo de formato son bastante inferiores a los de otros formatos.<\/p><p align=\"justify\">D\u00f3nde utilizar roll ups: Este formato publicitario tan f\u00e1cilmente transportable debido a su ligereza puede ser utilizado por las empresas en un gran n\u00famero de eventos: Ferias comerciales, Convenciones o congresos, Puntos de venta, Inauguraciones.<br \/>Y es que los displays tipo roll up est\u00e1n disponibles en diferentes medidas y su impresi\u00f3n es f\u00e1cilmente intercambiable. As\u00ed, la empresa puede cambiar el soporte gr\u00e1fico sin necesidad de comprar uno nuevo. Por eso, el ahorro que implica la utilizaci\u00f3n de roll ups es m\u00e1s que evidente. Adem\u00e1s de todas las ventajas mencionadas, un roll up cualquiera es altamente resistente y ofrece una resoluci\u00f3n de imagen excelente. Por eso es tan eficiente atrayendo potenciales consumidores. En definitiva, si quieres promocionar tu empresa en un evento empresarial importante o simplemente destacar alguno de tus productos o servicios, los roll ups son el formato publicitario de moda que te permitir\u00e1 llamar la atenci\u00f3n de tus potenciales clientes, incrementar tus ventas.<\/p>\t\t\t\t\t\t<\/div>\n\t\t\t\t<\/div>\n\t\t\t\t\t<\/div>\n\t\t<\/div>\n\t\t\t\t\t<\/div>\n\t\t<\/section>\n\t\t\t\t<section class=\"elementor-section elementor-top-section elementor-element elementor-element-5635c7a elementor-section-boxed elementor-section-height-default elementor-section-height-default\" data-id=\"5635c7a\" data-element_type=\"section\">\n\t\t\t\t\t\t<div class=\"elementor-container elementor-column-gap-default\">\n\t\t\t\t\t<div class=\"elementor-column elementor-col-100 elementor-top-column elementor-element elementor-element-a149824\" data-id=\"a149824\" data-element_type=\"column\">\n\t\t\t<div class=\"elementor-widget-wrap elementor-element-populated\">\n\t\t\t\t\t\t<div class=\"elementor-element elementor-element-c924687 elementor-arrows-position-inside elementor-widget elementor-widget-image-carousel\" data-id=\"c924687\" data-element_type=\"widget\" data-settings=\"{&quot;navigation&quot;:&quot;arrows&quot;,&quot;autoplay&quot;:&quot;yes&quot;,&quot;pause_on_hover&quot;:&quot;yes&quot;,&quot;pause_on_interaction&quot;:&quot;yes&quot;,&quot;autoplay_speed&quot;:5000,&quot;infinite&quot;:&quot;yes&quot;,&quot;speed&quot;:500}\" data-widget_type=\"image-carousel.default\">\n\t\t\t\t<div class=\"elementor-widget-container\">\n\t\t\t\t\t<div class=\"elementor-image-carousel-wrapper swiper\" dir=\"ltr\">\n\t\t\t<div class=\"elementor-image-carousel swiper-wrapper\" aria-live=\"off\">\n\t\t\t\t\t\t\t\t<div class=\"swiper-slide\" role=\"group\" aria-roledescription=\"slide\" aria-label=\"1 de 7\"><figure class=\"swiper-slide-inner\"><img decoding=\"async\" class=\"swiper-slide-image\" src=\"https:\/\/villaimex.com\/sitio\/wp-content\/uploads\/2020\/04\/porta-banner-rollup-80x200cm-estructura-publicidad-disershop-D_NQ_NP_950836-MLU27459521980_052018-F-300x225.jpg\" alt=\"porta-banner-rollup-80x200cm-estructura-publicidad-disershop-D_NQ_NP_950836-MLU27459521980_052018-F\" \/><\/figure><\/div><div class=\"swiper-slide\" role=\"group\" aria-roledescription=\"slide\" aria-label=\"2 de 7\"><figure class=\"swiper-slide-inner\"><img decoding=\"async\" class=\"swiper-slide-image\" src=\"https:\/\/villaimex.com\/sitio\/wp-content\/uploads\/2020\/04\/unnamed-300x300.png\" alt=\"unnamed\" \/><\/figure><\/div><div class=\"swiper-slide\" role=\"group\" aria-roledescription=\"slide\" aria-label=\"3 de 7\"><figure class=\"swiper-slide-inner\"><img decoding=\"async\" class=\"swiper-slide-image\" src=\"https:\/\/villaimex.com\/sitio\/wp-content\/uploads\/2020\/04\/roll-up-classic-80x200-cm-300x300.jpg\" alt=\"roll-up-classic-80x200-cm\" \/><\/figure><\/div><div class=\"swiper-slide\" role=\"group\" aria-roledescription=\"slide\" aria-label=\"4 de 7\"><figure class=\"swiper-slide-inner\"><img decoding=\"async\" class=\"swiper-slide-image\" src=\"https:\/\/villaimex.com\/sitio\/wp-content\/uploads\/2020\/04\/rollup-funda-300x300.jpg\" alt=\"rollup-funda\" \/><\/figure><\/div><div class=\"swiper-slide\" role=\"group\" aria-roledescription=\"slide\" aria-label=\"5 de 7\"><figure class=\"swiper-slide-inner\"><img decoding=\"async\" class=\"swiper-slide-image\" src=\"https:\/\/villaimex.com\/sitio\/wp-content\/uploads\/2020\/04\/roll-up-classic-80x200-cm-1-300x300.jpg\" alt=\"roll-up-classic-80x200-cm (1)\" \/><\/figure><\/div><div class=\"swiper-slide\" role=\"group\" aria-roledescription=\"slide\" aria-label=\"6 de 7\"><figure class=\"swiper-slide-inner\"><img decoding=\"async\" class=\"swiper-slide-image\" src=\"https:\/\/villaimex.com\/sitio\/wp-content\/uploads\/2020\/04\/roll-up-classic-80x200-cm-2-300x300.jpg\" alt=\"roll-up-classic-80x200-cm (2)\" \/><\/figure><\/div><div class=\"swiper-slide\" role=\"group\" aria-roledescription=\"slide\" aria-label=\"7 de 7\"><figure class=\"swiper-slide-inner\"><img decoding=\"async\" class=\"swiper-slide-image\" src=\"https:\/\/villaimex.com\/sitio\/wp-content\/uploads\/2020\/04\/roll-up-classic-80x200-cm-3-300x300.jpg\" alt=\"roll-up-classic-80x200-cm (3)\" \/><\/figure><\/div>\t\t\t<\/div>\n\t\t\t\t\t\t\t\t\t\t\t\t<div class=\"elementor-swiper-button elementor-swiper-button-prev\" role=\"button\" tabindex=\"0\">\n\t\t\t\t\t\t<i aria-hidden=\"true\" class=\"eicon-chevron-left\"><\/i>\t\t\t\t\t<\/div>\n\t\t\t\t\t<div class=\"elementor-swiper-button elementor-swiper-button-next\" role=\"button\" tabindex=\"0\">\n\t\t\t\t\t\t<i aria-hidden=\"true\" class=\"eicon-chevron-right\"><\/i>\t\t\t\t\t<\/div>\n\t\t\t\t\n\t\t\t\t\t\t\t\t\t<\/div>\n\t\t\t\t<\/div>\n\t\t\t\t<\/div>\n\t\t\t\t\t<\/div>\n\t\t<\/div>\n\t\t\t\t\t<\/div>\n\t\t<\/section>\n\t\t\t\t<section class=\"elementor-section elementor-top-section elementor-element elementor-element-0fad49b elementor-section-boxed elementor-section-height-default elementor-section-height-default\" data-id=\"0fad49b\" data-element_type=\"section\">\n\t\t\t\t\t\t<div class=\"elementor-container elementor-column-gap-default\">\n\t\t\t\t\t<div class=\"elementor-column elementor-col-100 elementor-top-column elementor-element elementor-element-5d082d0\" data-id=\"5d082d0\" data-element_type=\"column\">\n\t\t\t<div class=\"elementor-widget-wrap elementor-element-populated\">\n\t\t\t\t\t\t<div class=\"elementor-element elementor-element-1536588 elementor-widget elementor-widget-text-editor\" data-id=\"1536588\" data-element_type=\"widget\" data-widget_type=\"text-editor.default\">\n\t\t\t\t<div class=\"elementor-widget-container\">\n\t\t\t\t\t\t\t<p><strong>Roll up Cl\u00e1sico:<\/strong>\u00a0es el m\u00e1s com\u00fanmente utilizado; se trata de un producto que, a pesar de ser bastante econ\u00f3mico tiene\u00a0excelente calidad.\u00a0<\/p><p>El\u00a0<strong>banner roll up<\/strong>\u00a0es muy vers\u00e1til, compacto y ligero. I<span style=\"font-family: Roboto, sans-serif; font-size: 14px; font-style: normal; font-variant-ligatures: normal; font-variant-caps: normal; font-weight: 400;\">deal para diversos usos y locaciones, generalmente en interiores (dada la ligereza del mismo).\u00a0<\/span><\/p><p>Su estructura est\u00e1 constru\u00edda con perfiles de aluminio anodizado en forma de caja alargada.\u00a0<span style=\"font-size: 14px;\">Tambi\u00e9n tiene un soporte de este mismo material para fijar el\u00a0arte y mostrarlo de forma id\u00f3nea. La\u00a0<\/span><strong style=\"font-size: 14px;\">venta de roll ups<\/strong><span style=\"font-size: 14px;\">\u00a0incluye estuche de loneta con asas y tirante para su transportaci\u00f3n.<\/span><\/p><p>Estos stands son muy utilizados en corredores comerciales, o como punto de apoyo en presentaciones; es f\u00e1cil de armar y desarmar; en tan s\u00f3lo un par de minutos est\u00e1 listo para promocionar sus productos y\/o servicios.<\/p><p><strong>Arte:<\/strong>\u00a0Imprimimos sus gr\u00e1ficos en<strong>\u00a0<\/strong>lona BlockOut especial para tintas L\u00e1tex a base de agua,\u00a0 y tela sublimada.<\/p><p><strong>Medidas:<\/strong>\u00a080\u00d7200cm.<\/p>\t\t\t\t\t\t<\/div>\n\t\t\t\t<\/div>\n\t\t\t\t\t<\/div>\n\t\t<\/div>\n\t\t\t\t\t<\/div>\n\t\t<\/section>\n\t\t\t\t<\/div>\n\t\t","protected":false},"excerpt":{"rendered":"<p>Los Roll Up son un tipo de publicidad en formato display con una caracter\u00edstica muy peculiar: son auto enrollables. As\u00ed, gracias a una estructura superior de aluminio se puede enrollar y desenrollar el soporte gr\u00e1fico sin necesidad de realizar ning\u00fan tipo de instalaci\u00f3n, tal como sucede con otros formatos publicitarios tipo banner o display tradicional. [&hellip;]<\/p>\n","protected":false},"author":1,"featured_media":0,"parent":585,"menu_order":0,"comment_status":"closed","ping_status":"closed","template":"","meta":{"ocean_post_layout":"","ocean_both_sidebars_style":"","ocean_both_sidebars_content_width":0,"ocean_both_sidebars_sidebars_width":0,"ocean_sidebar":"0","ocean_second_sidebar":"0","ocean_disable_margins":"enable","ocean_add_body_class":"","ocean_shortcode_before_top_bar":"","ocean_shortcode_after_top_bar":"","ocean_shortcode_before_header":"","ocean_shortcode_after_header":"","ocean_has_shortcode":"","ocean_shortcode_after_title":"","ocean_shortcode_before_footer_widgets":"","ocean_shortcode_after_footer_widgets":"","ocean_shortcode_before_footer_bottom":"","ocean_shortcode_after_footer_bottom":"","ocean_display_top_bar":"default","ocean_display_header":"default","ocean_header_style":"minimal","ocean_center_header_left_menu":"0","ocean_custom_header_template":"0","ocean_custom_logo":0,"ocean_custom_retina_logo":0,"ocean_custom_logo_max_width":0,"ocean_custom_logo_tablet_max_width":0,"ocean_custom_logo_mobile_max_width":0,"ocean_custom_logo_max_height":0,"ocean_custom_logo_tablet_max_height":0,"ocean_custom_logo_mobile_max_height":0,"ocean_header_custom_menu":"0","ocean_menu_typo_font_family":"0","ocean_menu_typo_font_subset":"","ocean_menu_typo_font_size":0,"ocean_menu_typo_font_size_tablet":0,"ocean_menu_typo_font_size_mobile":0,"ocean_menu_typo_font_size_unit":"px","ocean_menu_typo_font_weight":"","ocean_menu_typo_font_weight_tablet":"","ocean_menu_typo_font_weight_mobile":"","ocean_menu_typo_transform":"","ocean_menu_typo_transform_tablet":"","ocean_menu_typo_transform_mobile":"","ocean_menu_typo_line_height":0,"ocean_menu_typo_line_height_tablet":0,"ocean_menu_typo_line_height_mobile":0,"ocean_menu_typo_line_height_unit":"","ocean_menu_typo_spacing":0,"ocean_menu_typo_spacing_tablet":0,"ocean_menu_typo_spacing_mobile":0,"ocean_menu_typo_spacing_unit":"","ocean_menu_link_color":"","ocean_menu_link_color_hover":"","ocean_menu_link_color_active":"","ocean_menu_link_background":"","ocean_menu_link_hover_background":"","ocean_menu_link_active_background":"","ocean_menu_social_links_bg":"","ocean_menu_social_hover_links_bg":"","ocean_menu_social_links_color":"","ocean_menu_social_hover_links_color":"","ocean_disable_title":"default","ocean_disable_heading":"on","ocean_post_title":"","ocean_post_subheading":"","ocean_post_title_style":"","ocean_post_title_background_color":"","ocean_post_title_background":0,"ocean_post_title_bg_image_position":"","ocean_post_title_bg_image_attachment":"","ocean_post_title_bg_image_repeat":"","ocean_post_title_bg_image_size":"","ocean_post_title_height":0,"ocean_post_title_bg_overlay":0.5,"ocean_post_title_bg_overlay_color":"","ocean_disable_breadcrumbs":"default","ocean_breadcrumbs_color":"","ocean_breadcrumbs_separator_color":"","ocean_breadcrumbs_links_color":"","ocean_breadcrumbs_links_hover_color":"","ocean_display_footer_widgets":"default","ocean_display_footer_bottom":"default","ocean_custom_footer_template":"0","footnotes":""},"_links":{"self":[{"href":"https:\/\/villaimex.com\/sitio\/wp-json\/wp\/v2\/pages\/769"}],"collection":[{"href":"https:\/\/villaimex.com\/sitio\/wp-json\/wp\/v2\/pages"}],"about":[{"href":"https:\/\/villaimex.com\/sitio\/wp-json\/wp\/v2\/types\/page"}],"author":[{"embeddable":true,"href":"https:\/\/villaimex.com\/sitio\/wp-json\/wp\/v2\/users\/1"}],"replies":[{"embeddable":true,"href":"https:\/\/villaimex.com\/sitio\/wp-json\/wp\/v2\/comments?post=769"}],"version-history":[{"count":5,"href":"https:\/\/villaimex.com\/sitio\/wp-json\/wp\/v2\/pages\/769\/revisions"}],"predecessor-version":[{"id":1349,"href":"https:\/\/villaimex.com\/sitio\/wp-json\/wp\/v2\/pages\/769\/revisions\/1349"}],"up":[{"embeddable":true,"href":"https:\/\/villaimex.com\/sitio\/wp-json\/wp\/v2\/pages\/585"}],"wp:attachment":[{"href":"https:\/\/villaimex.com\/sitio\/wp-json\/wp\/v2\/media?parent=769"}],"curies":[{"name":"wp","href":"https:\/\/api.w.org\/{rel}","templated":true}]}}