{"id":770,"date":"2020-04-02T02:59:52","date_gmt":"2020-04-02T02:59:52","guid":{"rendered":"http:\/\/villaimex.com\/sitio\/?page_id=770"},"modified":"2020-04-22T18:46:57","modified_gmt":"2020-04-22T18:46:57","slug":"canvas","status":"publish","type":"page","link":"https:\/\/villaimex.com\/sitio\/decoracion\/canvas\/","title":{"rendered":"Canvas"},"content":{"rendered":"\n<p>La tecnolog\u00eda de impresi\u00f3n en lienzo permite la obtenci\u00f3n de&nbsp;<strong>cuadros con foto en lienzo<\/strong>&nbsp;de la mayor calidad, con una nitidez impoluta. Permite&nbsp;<strong>imprimir en tela fotos o dise\u00f1os gr\u00e1ficos<\/strong>&nbsp;de cualquier tipo, con resultados inmejorables.<\/p>\n\n\n\n<p>Los&nbsp;<strong>foto lienzos personalizados&nbsp;<\/strong>son una idea perfecta para decorar rincones y estancias con un elemento totalmente personal con un toque distinto y original.<\/p>\n\n\n\n<figure class=\"wp-block-gallery columns-3 is-cropped wp-block-gallery-1 is-layout-flex wp-block-gallery-is-layout-flex\"><ul class=\"blocks-gallery-grid\"><li class=\"blocks-gallery-item\"><figure><a href=\"https:\/\/villaimex.com\/sitio\/wp-content\/uploads\/2020\/04\/WhatsApp-Image-2020-04-21-at-2.08.35-PM-6.jpeg\"><img fetchpriority=\"high\" decoding=\"async\" width=\"1024\" height=\"576\" src=\"https:\/\/villaimex.com\/sitio\/wp-content\/uploads\/2020\/04\/WhatsApp-Image-2020-04-21-at-2.08.35-PM-6-1024x576.jpeg\" alt=\"\" data-id=\"1431\" data-full-url=\"https:\/\/villaimex.com\/sitio\/wp-content\/uploads\/2020\/04\/WhatsApp-Image-2020-04-21-at-2.08.35-PM-6.jpeg\" data-link=\"https:\/\/villaimex.com\/sitio\/decoracion\/canvas\/whatsapp-image-2020-04-21-at-2-08-35-pm-6\/\" class=\"wp-image-1431\" srcset=\"https:\/\/villaimex.com\/sitio\/wp-content\/uploads\/2020\/04\/WhatsApp-Image-2020-04-21-at-2.08.35-PM-6-1024x576.jpeg 1024w, https:\/\/villaimex.com\/sitio\/wp-content\/uploads\/2020\/04\/WhatsApp-Image-2020-04-21-at-2.08.35-PM-6-300x169.jpeg 300w, https:\/\/villaimex.com\/sitio\/wp-content\/uploads\/2020\/04\/WhatsApp-Image-2020-04-21-at-2.08.35-PM-6-768x432.jpeg 768w, https:\/\/villaimex.com\/sitio\/wp-content\/uploads\/2020\/04\/WhatsApp-Image-2020-04-21-at-2.08.35-PM-6-600x338.jpeg 600w, https:\/\/villaimex.com\/sitio\/wp-content\/uploads\/2020\/04\/WhatsApp-Image-2020-04-21-at-2.08.35-PM-6.jpeg 1280w\" sizes=\"(max-width: 1024px) 100vw, 1024px\" \/><\/a><\/figure><\/li><li class=\"blocks-gallery-item\"><figure><a href=\"https:\/\/villaimex.com\/sitio\/wp-content\/uploads\/2020\/04\/WhatsApp-Image-2020-04-21-at-5.51.38-PM.jpeg\"><img decoding=\"async\" width=\"1024\" height=\"576\" src=\"https:\/\/villaimex.com\/sitio\/wp-content\/uploads\/2020\/04\/WhatsApp-Image-2020-04-21-at-5.51.38-PM-1024x576.jpeg\" alt=\"\" data-id=\"1440\" data-full-url=\"https:\/\/villaimex.com\/sitio\/wp-content\/uploads\/2020\/04\/WhatsApp-Image-2020-04-21-at-5.51.38-PM.jpeg\" data-link=\"https:\/\/villaimex.com\/sitio\/decoracion\/canvas\/whatsapp-image-2020-04-21-at-5-51-38-pm\/\" class=\"wp-image-1440\" srcset=\"https:\/\/villaimex.com\/sitio\/wp-content\/uploads\/2020\/04\/WhatsApp-Image-2020-04-21-at-5.51.38-PM-1024x576.jpeg 1024w, https:\/\/villaimex.com\/sitio\/wp-content\/uploads\/2020\/04\/WhatsApp-Image-2020-04-21-at-5.51.38-PM-300x169.jpeg 300w, https:\/\/villaimex.com\/sitio\/wp-content\/uploads\/2020\/04\/WhatsApp-Image-2020-04-21-at-5.51.38-PM-768x432.jpeg 768w, https:\/\/villaimex.com\/sitio\/wp-content\/uploads\/2020\/04\/WhatsApp-Image-2020-04-21-at-5.51.38-PM-600x338.jpeg 600w, https:\/\/villaimex.com\/sitio\/wp-content\/uploads\/2020\/04\/WhatsApp-Image-2020-04-21-at-5.51.38-PM.jpeg 1280w\" sizes=\"(max-width: 1024px) 100vw, 1024px\" \/><\/a><\/figure><\/li><li class=\"blocks-gallery-item\"><figure><a href=\"https:\/\/villaimex.com\/sitio\/wp-content\/uploads\/2020\/04\/WhatsApp-Image-2020-04-21-at-2.08.34-PM-4.jpeg\"><img decoding=\"async\" width=\"1024\" height=\"576\" src=\"https:\/\/villaimex.com\/sitio\/wp-content\/uploads\/2020\/04\/WhatsApp-Image-2020-04-21-at-2.08.34-PM-4-1024x576.jpeg\" alt=\"\" data-id=\"1424\" data-full-url=\"https:\/\/villaimex.com\/sitio\/wp-content\/uploads\/2020\/04\/WhatsApp-Image-2020-04-21-at-2.08.34-PM-4.jpeg\" data-link=\"https:\/\/villaimex.com\/sitio\/decoracion\/canvas\/whatsapp-image-2020-04-21-at-2-08-34-pm-4\/\" class=\"wp-image-1424\" srcset=\"https:\/\/villaimex.com\/sitio\/wp-content\/uploads\/2020\/04\/WhatsApp-Image-2020-04-21-at-2.08.34-PM-4-1024x576.jpeg 1024w, https:\/\/villaimex.com\/sitio\/wp-content\/uploads\/2020\/04\/WhatsApp-Image-2020-04-21-at-2.08.34-PM-4-300x169.jpeg 300w, https:\/\/villaimex.com\/sitio\/wp-content\/uploads\/2020\/04\/WhatsApp-Image-2020-04-21-at-2.08.34-PM-4-768x432.jpeg 768w, https:\/\/villaimex.com\/sitio\/wp-content\/uploads\/2020\/04\/WhatsApp-Image-2020-04-21-at-2.08.34-PM-4-600x338.jpeg 600w, https:\/\/villaimex.com\/sitio\/wp-content\/uploads\/2020\/04\/WhatsApp-Image-2020-04-21-at-2.08.34-PM-4.jpeg 1280w\" sizes=\"(max-width: 1024px) 100vw, 1024px\" \/><\/a><\/figure><\/li><li class=\"blocks-gallery-item\"><figure><a href=\"https:\/\/villaimex.com\/sitio\/wp-content\/uploads\/2020\/04\/WhatsApp-Image-2020-04-21-at-5.51.38-PM-3.jpeg\"><img loading=\"lazy\" decoding=\"async\" width=\"1024\" height=\"576\" src=\"https:\/\/villaimex.com\/sitio\/wp-content\/uploads\/2020\/04\/WhatsApp-Image-2020-04-21-at-5.51.38-PM-3-1024x576.jpeg\" alt=\"\" data-id=\"1435\" data-full-url=\"https:\/\/villaimex.com\/sitio\/wp-content\/uploads\/2020\/04\/WhatsApp-Image-2020-04-21-at-5.51.38-PM-3.jpeg\" data-link=\"https:\/\/villaimex.com\/sitio\/decoracion\/canvas\/whatsapp-image-2020-04-21-at-5-51-38-pm-3\/\" class=\"wp-image-1435\" srcset=\"https:\/\/villaimex.com\/sitio\/wp-content\/uploads\/2020\/04\/WhatsApp-Image-2020-04-21-at-5.51.38-PM-3-1024x576.jpeg 1024w, https:\/\/villaimex.com\/sitio\/wp-content\/uploads\/2020\/04\/WhatsApp-Image-2020-04-21-at-5.51.38-PM-3-300x169.jpeg 300w, https:\/\/villaimex.com\/sitio\/wp-content\/uploads\/2020\/04\/WhatsApp-Image-2020-04-21-at-5.51.38-PM-3-768x432.jpeg 768w, https:\/\/villaimex.com\/sitio\/wp-content\/uploads\/2020\/04\/WhatsApp-Image-2020-04-21-at-5.51.38-PM-3-600x338.jpeg 600w, https:\/\/villaimex.com\/sitio\/wp-content\/uploads\/2020\/04\/WhatsApp-Image-2020-04-21-at-5.51.38-PM-3.jpeg 1280w\" sizes=\"(max-width: 1024px) 100vw, 1024px\" \/><\/a><\/figure><\/li><li class=\"blocks-gallery-item\"><figure><a href=\"https:\/\/villaimex.com\/sitio\/wp-content\/uploads\/2020\/04\/WhatsApp-Image-2020-04-21-at-5.51.38-PM-5.jpeg\"><img loading=\"lazy\" decoding=\"async\" width=\"1024\" height=\"576\" src=\"https:\/\/villaimex.com\/sitio\/wp-content\/uploads\/2020\/04\/WhatsApp-Image-2020-04-21-at-5.51.38-PM-5-1024x576.jpeg\" alt=\"\" data-id=\"1437\" data-full-url=\"https:\/\/villaimex.com\/sitio\/wp-content\/uploads\/2020\/04\/WhatsApp-Image-2020-04-21-at-5.51.38-PM-5.jpeg\" data-link=\"https:\/\/villaimex.com\/sitio\/decoracion\/canvas\/whatsapp-image-2020-04-21-at-5-51-38-pm-5\/\" class=\"wp-image-1437\" srcset=\"https:\/\/villaimex.com\/sitio\/wp-content\/uploads\/2020\/04\/WhatsApp-Image-2020-04-21-at-5.51.38-PM-5-1024x576.jpeg 1024w, https:\/\/villaimex.com\/sitio\/wp-content\/uploads\/2020\/04\/WhatsApp-Image-2020-04-21-at-5.51.38-PM-5-300x169.jpeg 300w, https:\/\/villaimex.com\/sitio\/wp-content\/uploads\/2020\/04\/WhatsApp-Image-2020-04-21-at-5.51.38-PM-5-768x432.jpeg 768w, https:\/\/villaimex.com\/sitio\/wp-content\/uploads\/2020\/04\/WhatsApp-Image-2020-04-21-at-5.51.38-PM-5-600x338.jpeg 600w, https:\/\/villaimex.com\/sitio\/wp-content\/uploads\/2020\/04\/WhatsApp-Image-2020-04-21-at-5.51.38-PM-5.jpeg 1280w\" sizes=\"(max-width: 1024px) 100vw, 1024px\" \/><\/a><\/figure><\/li><\/ul><\/figure>\n\n\n\n<p>Ahora en\u00a0<strong>imprenta VillaiMEX<\/strong>\u00a0te ofrecemos la posibilidad de crear tu propio\u00a0<strong>cuadro personalizado<\/strong>. <\/p>\n\n\n\n<p>Nuestros bastidores est\u00e1n elaborados con madera de primera calidad y tus fotograf\u00edas se imprimen en lienzo 100% de algod\u00f3n, con nuestras tintas l\u00e1tex garantizando un excelente acabado.<\/p>\n\n\n\n<h3 class=\"wp-block-heading\">Portafolios<\/h3>\n\n\n\n<figure class=\"wp-block-gallery columns-2 is-cropped wp-block-gallery-2 is-layout-flex wp-block-gallery-is-layout-flex\"><ul class=\"blocks-gallery-grid\"><li class=\"blocks-gallery-item\"><figure><a href=\"https:\/\/villaimex.com\/sitio\/wp-content\/uploads\/2020\/04\/WhatsApp-Image-2020-04-21-at-2.08.34-PM-2.jpeg\"><img loading=\"lazy\" decoding=\"async\" width=\"1024\" height=\"576\" src=\"https:\/\/villaimex.com\/sitio\/wp-content\/uploads\/2020\/04\/WhatsApp-Image-2020-04-21-at-2.08.34-PM-2-1024x576.jpeg\" alt=\"\" data-id=\"1422\" data-full-url=\"https:\/\/villaimex.com\/sitio\/wp-content\/uploads\/2020\/04\/WhatsApp-Image-2020-04-21-at-2.08.34-PM-2.jpeg\" data-link=\"https:\/\/villaimex.com\/sitio\/decoracion\/canvas\/whatsapp-image-2020-04-21-at-2-08-34-pm-2\/\" class=\"wp-image-1422\" srcset=\"https:\/\/villaimex.com\/sitio\/wp-content\/uploads\/2020\/04\/WhatsApp-Image-2020-04-21-at-2.08.34-PM-2-1024x576.jpeg 1024w, https:\/\/villaimex.com\/sitio\/wp-content\/uploads\/2020\/04\/WhatsApp-Image-2020-04-21-at-2.08.34-PM-2-300x169.jpeg 300w, https:\/\/villaimex.com\/sitio\/wp-content\/uploads\/2020\/04\/WhatsApp-Image-2020-04-21-at-2.08.34-PM-2-768x432.jpeg 768w, https:\/\/villaimex.com\/sitio\/wp-content\/uploads\/2020\/04\/WhatsApp-Image-2020-04-21-at-2.08.34-PM-2-600x338.jpeg 600w, https:\/\/villaimex.com\/sitio\/wp-content\/uploads\/2020\/04\/WhatsApp-Image-2020-04-21-at-2.08.34-PM-2.jpeg 1280w\" sizes=\"(max-width: 1024px) 100vw, 1024px\" \/><\/a><\/figure><\/li><li class=\"blocks-gallery-item\"><figure><a href=\"https:\/\/villaimex.com\/sitio\/wp-content\/uploads\/2020\/04\/WhatsApp-Image-2020-04-21-at-2.08.34-PM-1.jpeg\"><img loading=\"lazy\" decoding=\"async\" width=\"1024\" height=\"576\" src=\"https:\/\/villaimex.com\/sitio\/wp-content\/uploads\/2020\/04\/WhatsApp-Image-2020-04-21-at-2.08.34-PM-1-1024x576.jpeg\" alt=\"\" data-id=\"1421\" data-full-url=\"https:\/\/villaimex.com\/sitio\/wp-content\/uploads\/2020\/04\/WhatsApp-Image-2020-04-21-at-2.08.34-PM-1.jpeg\" data-link=\"https:\/\/villaimex.com\/sitio\/decoracion\/canvas\/whatsapp-image-2020-04-21-at-2-08-34-pm-1\/\" class=\"wp-image-1421\" srcset=\"https:\/\/villaimex.com\/sitio\/wp-content\/uploads\/2020\/04\/WhatsApp-Image-2020-04-21-at-2.08.34-PM-1-1024x576.jpeg 1024w, https:\/\/villaimex.com\/sitio\/wp-content\/uploads\/2020\/04\/WhatsApp-Image-2020-04-21-at-2.08.34-PM-1-300x169.jpeg 300w, https:\/\/villaimex.com\/sitio\/wp-content\/uploads\/2020\/04\/WhatsApp-Image-2020-04-21-at-2.08.34-PM-1-768x432.jpeg 768w, https:\/\/villaimex.com\/sitio\/wp-content\/uploads\/2020\/04\/WhatsApp-Image-2020-04-21-at-2.08.34-PM-1-600x338.jpeg 600w, https:\/\/villaimex.com\/sitio\/wp-content\/uploads\/2020\/04\/WhatsApp-Image-2020-04-21-at-2.08.34-PM-1.jpeg 1280w\" sizes=\"(max-width: 1024px) 100vw, 1024px\" \/><\/a><\/figure><\/li><\/ul><\/figure>\n","protected":false},"excerpt":{"rendered":"<p>La tecnolog\u00eda de impresi\u00f3n en lienzo permite la obtenci\u00f3n de&nbsp;cuadros con foto en lienzo&nbsp;de la mayor calidad, con una nitidez impoluta. Permite&nbsp;imprimir en tela fotos o dise\u00f1os gr\u00e1ficos&nbsp;de cualquier tipo, con resultados inmejorables. Los&nbsp;foto lienzos personalizados&nbsp;son una idea perfecta para decorar rincones y estancias con un elemento totalmente personal con un toque distinto y original. [&hellip;]<\/p>\n","protected":false},"author":1,"featured_media":0,"parent":767,"menu_order":0,"comment_status":"closed","ping_status":"closed","template":"","meta":{"ocean_post_layout":"","ocean_both_sidebars_style":"","ocean_both_sidebars_content_width":0,"ocean_both_sidebars_sidebars_width":0,"ocean_sidebar":"0","ocean_second_sidebar":"0","ocean_disable_margins":"enable","ocean_add_body_class":"","ocean_shortcode_before_top_bar":"","ocean_shortcode_after_top_bar":"","ocean_shortcode_before_header":"","ocean_shortcode_after_header":"","ocean_has_shortcode":"","ocean_shortcode_after_title":"","ocean_shortcode_before_footer_widgets":"","ocean_shortcode_after_footer_widgets":"","ocean_shortcode_before_footer_bottom":"","ocean_shortcode_after_footer_bottom":"","ocean_display_top_bar":"default","ocean_display_header":"default","ocean_header_style":"","ocean_center_header_left_menu":"0","ocean_custom_header_template":"0","ocean_custom_logo":0,"ocean_custom_retina_logo":0,"ocean_custom_logo_max_width":0,"ocean_custom_logo_tablet_max_width":0,"ocean_custom_logo_mobile_max_width":0,"ocean_custom_logo_max_height":0,"ocean_custom_logo_tablet_max_height":0,"ocean_custom_logo_mobile_max_height":0,"ocean_header_custom_menu":"0","ocean_menu_typo_font_family":"0","ocean_menu_typo_font_subset":"","ocean_menu_typo_font_size":0,"ocean_menu_typo_font_size_tablet":0,"ocean_menu_typo_font_size_mobile":0,"ocean_menu_typo_font_size_unit":"px","ocean_menu_typo_font_weight":"","ocean_menu_typo_font_weight_tablet":"","ocean_menu_typo_font_weight_mobile":"","ocean_menu_typo_transform":"","ocean_menu_typo_transform_tablet":"","ocean_menu_typo_transform_mobile":"","ocean_menu_typo_line_height":0,"ocean_menu_typo_line_height_tablet":0,"ocean_menu_typo_line_height_mobile":0,"ocean_menu_typo_line_height_unit":"","ocean_menu_typo_spacing":0,"ocean_menu_typo_spacing_tablet":0,"ocean_menu_typo_spacing_mobile":0,"ocean_menu_typo_spacing_unit":"","ocean_menu_link_color":"","ocean_menu_link_color_hover":"","ocean_menu_link_color_active":"","ocean_menu_link_background":"","ocean_menu_link_hover_background":"","ocean_menu_link_active_background":"","ocean_menu_social_links_bg":"","ocean_menu_social_hover_links_bg":"","ocean_menu_social_links_color":"","ocean_menu_social_hover_links_color":"","ocean_disable_title":"default","ocean_disable_heading":"default","ocean_post_title":"","ocean_post_subheading":"","ocean_post_title_style":"","ocean_post_title_background_color":"","ocean_post_title_background":0,"ocean_post_title_bg_image_position":"","ocean_post_title_bg_image_attachment":"","ocean_post_title_bg_image_repeat":"","ocean_post_title_bg_image_size":"","ocean_post_title_height":0,"ocean_post_title_bg_overlay":0.5,"ocean_post_title_bg_overlay_color":"","ocean_disable_breadcrumbs":"default","ocean_breadcrumbs_color":"","ocean_breadcrumbs_separator_color":"","ocean_breadcrumbs_links_color":"","ocean_breadcrumbs_links_hover_color":"","ocean_display_footer_widgets":"default","ocean_display_footer_bottom":"default","ocean_custom_footer_template":"0","footnotes":""},"_links":{"self":[{"href":"https:\/\/villaimex.com\/sitio\/wp-json\/wp\/v2\/pages\/770"}],"collection":[{"href":"https:\/\/villaimex.com\/sitio\/wp-json\/wp\/v2\/pages"}],"about":[{"href":"https:\/\/villaimex.com\/sitio\/wp-json\/wp\/v2\/types\/page"}],"author":[{"embeddable":true,"href":"https:\/\/villaimex.com\/sitio\/wp-json\/wp\/v2\/users\/1"}],"replies":[{"embeddable":true,"href":"https:\/\/villaimex.com\/sitio\/wp-json\/wp\/v2\/comments?post=770"}],"version-history":[{"count":6,"href":"https:\/\/villaimex.com\/sitio\/wp-json\/wp\/v2\/pages\/770\/revisions"}],"predecessor-version":[{"id":1451,"href":"https:\/\/villaimex.com\/sitio\/wp-json\/wp\/v2\/pages\/770\/revisions\/1451"}],"up":[{"embeddable":true,"href":"https:\/\/villaimex.com\/sitio\/wp-json\/wp\/v2\/pages\/767"}],"wp:attachment":[{"href":"https:\/\/villaimex.com\/sitio\/wp-json\/wp\/v2\/media?parent=770"}],"curies":[{"name":"wp","href":"https:\/\/api.w.org\/{rel}","templated":true}]}}