{"id":775,"date":"2020-04-02T02:59:52","date_gmt":"2020-04-02T02:59:52","guid":{"rendered":"http:\/\/villaimex.com\/sitio\/?page_id=775"},"modified":"2021-09-17T16:32:33","modified_gmt":"2021-09-17T16:32:33","slug":"vinilos-decorativos-2","status":"publish","type":"page","link":"https:\/\/villaimex.com\/sitio\/decoracion\/vinilos-decorativos-2\/","title":{"rendered":"Vinilos Decorativos"},"content":{"rendered":"\t\t<div data-elementor-type=\"wp-page\" data-elementor-id=\"775\" class=\"elementor elementor-775\">\n\t\t\t\t\t\t<section class=\"elementor-section elementor-top-section elementor-element elementor-element-86eaa2d elementor-section-boxed elementor-section-height-default elementor-section-height-default\" data-id=\"86eaa2d\" data-element_type=\"section\">\n\t\t\t\t\t\t<div class=\"elementor-container elementor-column-gap-default\">\n\t\t\t\t\t<div class=\"elementor-column elementor-col-100 elementor-top-column elementor-element elementor-element-476df30\" data-id=\"476df30\" data-element_type=\"column\">\n\t\t\t<div class=\"elementor-widget-wrap elementor-element-populated\">\n\t\t\t\t\t\t<div class=\"elementor-element elementor-element-731ed3f elementor-widget elementor-widget-image-gallery\" data-id=\"731ed3f\" data-element_type=\"widget\" data-settings=\"{&quot;_animation&quot;:&quot;none&quot;}\" data-widget_type=\"image-gallery.default\">\n\t\t\t\t<div class=\"elementor-widget-container\">\n\t\t\t\t\t<div class=\"elementor-image-gallery\">\n\t\t\t<div id='gallery-1' class='gallery galleryid-775 gallery-columns-4 gallery-size-thumbnail'><figure class='gallery-item'>\n\t\t\t<div class='gallery-icon landscape'>\n\t\t\t\t<a data-elementor-open-lightbox=\"yes\" data-elementor-lightbox-slideshow=\"731ed3f\" data-elementor-lightbox-title=\"WhatsApp Image 2020-04-20 at 6.06.33 PM (1)\" data-e-action-hash=\"#elementor-action%3Aaction%3Dlightbox%26settings%3DeyJpZCI6MTcwOCwidXJsIjoiaHR0cHM6XC9cL3ZpbGxhaW1leC5jb21cL3NpdGlvXC93cC1jb250ZW50XC91cGxvYWRzXC8yMDIxXC8wOVwvV2hhdHNBcHAtSW1hZ2UtMjAyMC0wNC0yMC1hdC02LjA2LjMzLVBNLTEuanBlZyIsInNsaWRlc2hvdyI6IjczMWVkM2YifQ%3D%3D\" href='https:\/\/villaimex.com\/sitio\/wp-content\/uploads\/2021\/09\/WhatsApp-Image-2020-04-20-at-6.06.33-PM-1.jpeg'><img decoding=\"async\" width=\"150\" height=\"150\" src=\"https:\/\/villaimex.com\/sitio\/wp-content\/uploads\/2021\/09\/WhatsApp-Image-2020-04-20-at-6.06.33-PM-1-150x150.jpeg\" class=\"attachment-thumbnail size-thumbnail\" alt=\"\" aria-describedby=\"gallery-1-1708\" srcset=\"https:\/\/villaimex.com\/sitio\/wp-content\/uploads\/2021\/09\/WhatsApp-Image-2020-04-20-at-6.06.33-PM-1-150x150.jpeg 150w, https:\/\/villaimex.com\/sitio\/wp-content\/uploads\/2021\/09\/WhatsApp-Image-2020-04-20-at-6.06.33-PM-1-300x300.jpeg 300w, https:\/\/villaimex.com\/sitio\/wp-content\/uploads\/2021\/09\/WhatsApp-Image-2020-04-20-at-6.06.33-PM-1-100x100.jpeg 100w\" sizes=\"(max-width: 150px) 100vw, 150px\" \/><\/a>\n\t\t\t<\/div>\n\t\t\t\t<figcaption class='wp-caption-text gallery-caption' id='gallery-1-1708'>\n\t\t\t\tImpresi\u00f3n en vinil matte\n\t\t\t\t<\/figcaption><\/figure><figure class='gallery-item'>\n\t\t\t<div class='gallery-icon landscape'>\n\t\t\t\t<a data-elementor-open-lightbox=\"yes\" data-elementor-lightbox-slideshow=\"731ed3f\" data-elementor-lightbox-title=\"WhatsApp Image 2020-04-22 at 12.24.53 PM (4)\" data-e-action-hash=\"#elementor-action%3Aaction%3Dlightbox%26settings%3DeyJpZCI6MTcwOSwidXJsIjoiaHR0cHM6XC9cL3ZpbGxhaW1leC5jb21cL3NpdGlvXC93cC1jb250ZW50XC91cGxvYWRzXC8yMDIxXC8wOVwvV2hhdHNBcHAtSW1hZ2UtMjAyMC0wNC0yMi1hdC0xMi4yNC41My1QTS00LmpwZWciLCJzbGlkZXNob3ciOiI3MzFlZDNmIn0%3D\" href='https:\/\/villaimex.com\/sitio\/wp-content\/uploads\/2021\/09\/WhatsApp-Image-2020-04-22-at-12.24.53-PM-4.jpeg'><img decoding=\"async\" width=\"150\" height=\"150\" src=\"https:\/\/villaimex.com\/sitio\/wp-content\/uploads\/2021\/09\/WhatsApp-Image-2020-04-22-at-12.24.53-PM-4-150x150.jpeg\" class=\"attachment-thumbnail size-thumbnail\" alt=\"\" aria-describedby=\"gallery-1-1709\" srcset=\"https:\/\/villaimex.com\/sitio\/wp-content\/uploads\/2021\/09\/WhatsApp-Image-2020-04-22-at-12.24.53-PM-4-150x150.jpeg 150w, https:\/\/villaimex.com\/sitio\/wp-content\/uploads\/2021\/09\/WhatsApp-Image-2020-04-22-at-12.24.53-PM-4-300x300.jpeg 300w, https:\/\/villaimex.com\/sitio\/wp-content\/uploads\/2021\/09\/WhatsApp-Image-2020-04-22-at-12.24.53-PM-4-100x100.jpeg 100w\" sizes=\"(max-width: 150px) 100vw, 150px\" \/><\/a>\n\t\t\t<\/div>\n\t\t\t\t<figcaption class='wp-caption-text gallery-caption' id='gallery-1-1709'>\n\t\t\t\tImpresi\u00f3n L\u00e1tex\n\t\t\t\t<\/figcaption><\/figure><figure class='gallery-item'>\n\t\t\t<div class='gallery-icon landscape'>\n\t\t\t\t<a data-elementor-open-lightbox=\"yes\" data-elementor-lightbox-slideshow=\"731ed3f\" data-elementor-lightbox-title=\"61bvka5E5dL._AC_SL1000_\" data-e-action-hash=\"#elementor-action%3Aaction%3Dlightbox%26settings%3DeyJpZCI6MTE1NiwidXJsIjoiaHR0cHM6XC9cL3ZpbGxhaW1leC5jb21cL3NpdGlvXC93cC1jb250ZW50XC91cGxvYWRzXC8yMDIwXC8wNFwvNjFidmthNUU1ZEwuX0FDX1NMMTAwMF8uanBnIiwic2xpZGVzaG93IjoiNzMxZWQzZiJ9\" href='https:\/\/villaimex.com\/sitio\/wp-content\/uploads\/2020\/04\/61bvka5E5dL._AC_SL1000_.jpg'><img decoding=\"async\" width=\"150\" height=\"150\" src=\"https:\/\/villaimex.com\/sitio\/wp-content\/uploads\/2020\/04\/61bvka5E5dL._AC_SL1000_-150x150.jpg\" class=\"attachment-thumbnail size-thumbnail\" alt=\"\" aria-describedby=\"gallery-1-1156\" srcset=\"https:\/\/villaimex.com\/sitio\/wp-content\/uploads\/2020\/04\/61bvka5E5dL._AC_SL1000_-150x150.jpg 150w, https:\/\/villaimex.com\/sitio\/wp-content\/uploads\/2020\/04\/61bvka5E5dL._AC_SL1000_-300x300.jpg 300w, https:\/\/villaimex.com\/sitio\/wp-content\/uploads\/2020\/04\/61bvka5E5dL._AC_SL1000_-100x100.jpg 100w\" sizes=\"(max-width: 150px) 100vw, 150px\" \/><\/a>\n\t\t\t<\/div>\n\t\t\t\t<figcaption class='wp-caption-text gallery-caption' id='gallery-1-1156'>\n\t\t\t\tVinil impreso para rotulaci\u00f3n\n\t\t\t\t<\/figcaption><\/figure><figure class='gallery-item'>\n\t\t\t<div class='gallery-icon landscape'>\n\t\t\t\t<a data-elementor-open-lightbox=\"yes\" data-elementor-lightbox-slideshow=\"731ed3f\" data-elementor-lightbox-title=\"rocket2\" data-e-action-hash=\"#elementor-action%3Aaction%3Dlightbox%26settings%3DeyJpZCI6MTY1MywidXJsIjoiaHR0cHM6XC9cL3ZpbGxhaW1leC5jb21cL3NpdGlvXC93cC1jb250ZW50XC91cGxvYWRzXC8yMDIxXC8wOVwvcm9ja2V0Mi5wbmciLCJzbGlkZXNob3ciOiI3MzFlZDNmIn0%3D\" href='https:\/\/villaimex.com\/sitio\/wp-content\/uploads\/2021\/09\/rocket2.png'><img loading=\"lazy\" decoding=\"async\" width=\"150\" height=\"150\" src=\"https:\/\/villaimex.com\/sitio\/wp-content\/uploads\/2021\/09\/rocket2-150x150.png\" class=\"attachment-thumbnail size-thumbnail\" alt=\"\" aria-describedby=\"gallery-1-1653\" srcset=\"https:\/\/villaimex.com\/sitio\/wp-content\/uploads\/2021\/09\/rocket2-150x150.png 150w, https:\/\/villaimex.com\/sitio\/wp-content\/uploads\/2021\/09\/rocket2-300x300.png 300w, https:\/\/villaimex.com\/sitio\/wp-content\/uploads\/2021\/09\/rocket2-100x100.png 100w\" sizes=\"(max-width: 150px) 100vw, 150px\" \/><\/a>\n\t\t\t<\/div>\n\t\t\t\t<figcaption class='wp-caption-text gallery-caption' id='gallery-1-1653'>\n\t\t\t\tImpresi\u00f3n L\u00e1tex\n\t\t\t\t<\/figcaption><\/figure><figure class='gallery-item'>\n\t\t\t<div class='gallery-icon landscape'>\n\t\t\t\t<a data-elementor-open-lightbox=\"yes\" data-elementor-lightbox-slideshow=\"731ed3f\" data-elementor-lightbox-title=\"Directorio-portal_Pa\u0301gina_1-1024x824\" data-e-action-hash=\"#elementor-action%3Aaction%3Dlightbox%26settings%3DeyJpZCI6MTcwNiwidXJsIjoiaHR0cHM6XC9cL3ZpbGxhaW1leC5jb21cL3NpdGlvXC93cC1jb250ZW50XC91cGxvYWRzXC8yMDIxXC8wOVwvRGlyZWN0b3Jpby1wb3J0YWxfUGFcdTAzMDFnaW5hXzEtMTAyNHg4MjQtMS5qcGciLCJzbGlkZXNob3ciOiI3MzFlZDNmIn0%3D\" href='https:\/\/villaimex.com\/sitio\/wp-content\/uploads\/2021\/09\/Directorio-portal_Pa\u0301gina_1-1024x824-1.jpg'><img loading=\"lazy\" decoding=\"async\" width=\"150\" height=\"150\" src=\"https:\/\/villaimex.com\/sitio\/wp-content\/uploads\/2021\/09\/Directorio-portal_Pa\u0301gina_1-1024x824-1-150x150.jpg\" class=\"attachment-thumbnail size-thumbnail\" alt=\"\" aria-describedby=\"gallery-1-1706\" srcset=\"https:\/\/villaimex.com\/sitio\/wp-content\/uploads\/2021\/09\/Directorio-portal_Pa\u0301gina_1-1024x824-1-150x150.jpg 150w, https:\/\/villaimex.com\/sitio\/wp-content\/uploads\/2021\/09\/Directorio-portal_Pa\u0301gina_1-1024x824-1-300x300.jpg 300w, https:\/\/villaimex.com\/sitio\/wp-content\/uploads\/2021\/09\/Directorio-portal_Pa\u0301gina_1-1024x824-1-100x100.jpg 100w\" sizes=\"(max-width: 150px) 100vw, 150px\" \/><\/a>\n\t\t\t<\/div>\n\t\t\t\t<figcaption class='wp-caption-text gallery-caption' id='gallery-1-1706'>\n\t\t\t\tRotulaci\u00f3n empresarial\n\t\t\t\t<\/figcaption><\/figure><figure class='gallery-item'>\n\t\t\t<div class='gallery-icon portrait'>\n\t\t\t\t<a data-elementor-open-lightbox=\"yes\" data-elementor-lightbox-slideshow=\"731ed3f\" data-elementor-lightbox-title=\"3ab0e46469cd1e42db69bbc8d8d48aa4\" data-e-action-hash=\"#elementor-action%3Aaction%3Dlightbox%26settings%3DeyJpZCI6MTcwNSwidXJsIjoiaHR0cHM6XC9cL3ZpbGxhaW1leC5jb21cL3NpdGlvXC93cC1jb250ZW50XC91cGxvYWRzXC8yMDIxXC8wOVwvM2FiMGU0NjQ2OWNkMWU0MmRiNjliYmM4ZDhkNDhhYTQuanBnIiwic2xpZGVzaG93IjoiNzMxZWQzZiJ9\" href='https:\/\/villaimex.com\/sitio\/wp-content\/uploads\/2021\/09\/3ab0e46469cd1e42db69bbc8d8d48aa4.jpg'><img loading=\"lazy\" decoding=\"async\" width=\"150\" height=\"150\" src=\"https:\/\/villaimex.com\/sitio\/wp-content\/uploads\/2021\/09\/3ab0e46469cd1e42db69bbc8d8d48aa4-150x150.jpg\" class=\"attachment-thumbnail size-thumbnail\" alt=\"\" aria-describedby=\"gallery-1-1705\" srcset=\"https:\/\/villaimex.com\/sitio\/wp-content\/uploads\/2021\/09\/3ab0e46469cd1e42db69bbc8d8d48aa4-150x150.jpg 150w, https:\/\/villaimex.com\/sitio\/wp-content\/uploads\/2021\/09\/3ab0e46469cd1e42db69bbc8d8d48aa4-300x300.jpg 300w, https:\/\/villaimex.com\/sitio\/wp-content\/uploads\/2021\/09\/3ab0e46469cd1e42db69bbc8d8d48aa4-100x100.jpg 100w\" sizes=\"(max-width: 150px) 100vw, 150px\" \/><\/a>\n\t\t\t<\/div>\n\t\t\t\t<figcaption class='wp-caption-text gallery-caption' id='gallery-1-1705'>\n\t\t\t\tDise\u00f1o en vinil de corte\n\t\t\t\t<\/figcaption><\/figure><figure class='gallery-item'>\n\t\t\t<div class='gallery-icon landscape'>\n\t\t\t\t<a data-elementor-open-lightbox=\"yes\" data-elementor-lightbox-slideshow=\"731ed3f\" data-elementor-lightbox-title=\"1-1024x768\" data-e-action-hash=\"#elementor-action%3Aaction%3Dlightbox%26settings%3DeyJpZCI6MTcwMiwidXJsIjoiaHR0cHM6XC9cL3ZpbGxhaW1leC5jb21cL3NpdGlvXC93cC1jb250ZW50XC91cGxvYWRzXC8yMDIxXC8wOVwvMS0xMDI0eDc2OC0xLmpwZyIsInNsaWRlc2hvdyI6IjczMWVkM2YifQ%3D%3D\" href='https:\/\/villaimex.com\/sitio\/wp-content\/uploads\/2021\/09\/1-1024x768-1.jpg'><img loading=\"lazy\" decoding=\"async\" width=\"150\" height=\"150\" src=\"https:\/\/villaimex.com\/sitio\/wp-content\/uploads\/2021\/09\/1-1024x768-1-150x150.jpg\" class=\"attachment-thumbnail size-thumbnail\" alt=\"\" aria-describedby=\"gallery-1-1702\" srcset=\"https:\/\/villaimex.com\/sitio\/wp-content\/uploads\/2021\/09\/1-1024x768-1-150x150.jpg 150w, https:\/\/villaimex.com\/sitio\/wp-content\/uploads\/2021\/09\/1-1024x768-1-300x300.jpg 300w, https:\/\/villaimex.com\/sitio\/wp-content\/uploads\/2021\/09\/1-1024x768-1-100x100.jpg 100w\" sizes=\"(max-width: 150px) 100vw, 150px\" \/><\/a>\n\t\t\t<\/div>\n\t\t\t\t<figcaption class='wp-caption-text gallery-caption' id='gallery-1-1702'>\n\t\t\t\tImpresi\u00f3n en gran formato\n\t\t\t\t<\/figcaption><\/figure><figure class='gallery-item'>\n\t\t\t<div class='gallery-icon landscape'>\n\t\t\t\t<a data-elementor-open-lightbox=\"yes\" data-elementor-lightbox-slideshow=\"731ed3f\" data-elementor-lightbox-title=\"vinilos-variedad\" data-e-action-hash=\"#elementor-action%3Aaction%3Dlightbox%26settings%3DeyJpZCI6MTcwNywidXJsIjoiaHR0cHM6XC9cL3ZpbGxhaW1leC5jb21cL3NpdGlvXC93cC1jb250ZW50XC91cGxvYWRzXC8yMDIxXC8wOVwvdmluaWxvcy12YXJpZWRhZC5qcGciLCJzbGlkZXNob3ciOiI3MzFlZDNmIn0%3D\" href='https:\/\/villaimex.com\/sitio\/wp-content\/uploads\/2021\/09\/vinilos-variedad.jpg'><img loading=\"lazy\" decoding=\"async\" width=\"150\" height=\"150\" src=\"https:\/\/villaimex.com\/sitio\/wp-content\/uploads\/2021\/09\/vinilos-variedad-150x150.jpg\" class=\"attachment-thumbnail size-thumbnail\" alt=\"\" aria-describedby=\"gallery-1-1707\" srcset=\"https:\/\/villaimex.com\/sitio\/wp-content\/uploads\/2021\/09\/vinilos-variedad-150x150.jpg 150w, https:\/\/villaimex.com\/sitio\/wp-content\/uploads\/2021\/09\/vinilos-variedad-300x300.jpg 300w, https:\/\/villaimex.com\/sitio\/wp-content\/uploads\/2021\/09\/vinilos-variedad-100x100.jpg 100w\" sizes=\"(max-width: 150px) 100vw, 150px\" \/><\/a>\n\t\t\t<\/div>\n\t\t\t\t<figcaption class='wp-caption-text gallery-caption' id='gallery-1-1707'>\n\t\t\t\tVinil esmerilado con corte\n\t\t\t\t<\/figcaption><\/figure><figure class='gallery-item'>\n\t\t\t<div class='gallery-icon landscape'>\n\t\t\t\t<a data-elementor-open-lightbox=\"yes\" data-elementor-lightbox-slideshow=\"731ed3f\" data-elementor-lightbox-title=\"rBVaSVugw72AbpxZAAs2wxAzc3w349\" data-e-action-hash=\"#elementor-action%3Aaction%3Dlightbox%26settings%3DeyJpZCI6MTE2MSwidXJsIjoiaHR0cHM6XC9cL3ZpbGxhaW1leC5jb21cL3NpdGlvXC93cC1jb250ZW50XC91cGxvYWRzXC8yMDIwXC8wNFwvckJWYVNWdWd3NzJBYnB4WkFBczJ3eEF6YzN3MzQ5LmpwZyIsInNsaWRlc2hvdyI6IjczMWVkM2YifQ%3D%3D\" href='https:\/\/villaimex.com\/sitio\/wp-content\/uploads\/2020\/04\/rBVaSVugw72AbpxZAAs2wxAzc3w349.jpg'><img loading=\"lazy\" decoding=\"async\" width=\"150\" height=\"150\" src=\"https:\/\/villaimex.com\/sitio\/wp-content\/uploads\/2020\/04\/rBVaSVugw72AbpxZAAs2wxAzc3w349-150x150.jpg\" class=\"attachment-thumbnail size-thumbnail\" alt=\"\" aria-describedby=\"gallery-1-1161\" srcset=\"https:\/\/villaimex.com\/sitio\/wp-content\/uploads\/2020\/04\/rBVaSVugw72AbpxZAAs2wxAzc3w349-150x150.jpg 150w, https:\/\/villaimex.com\/sitio\/wp-content\/uploads\/2020\/04\/rBVaSVugw72AbpxZAAs2wxAzc3w349-300x300.jpg 300w, https:\/\/villaimex.com\/sitio\/wp-content\/uploads\/2020\/04\/rBVaSVugw72AbpxZAAs2wxAzc3w349-100x100.jpg 100w\" sizes=\"(max-width: 150px) 100vw, 150px\" \/><\/a>\n\t\t\t<\/div>\n\t\t\t\t<figcaption class='wp-caption-text gallery-caption' id='gallery-1-1161'>\n\t\t\t\tGran formato L\u00e1tex\n\t\t\t\t<\/figcaption><\/figure><figure class='gallery-item'>\n\t\t\t<div class='gallery-icon landscape'>\n\t\t\t\t<a data-elementor-open-lightbox=\"yes\" data-elementor-lightbox-slideshow=\"731ed3f\" data-elementor-lightbox-title=\"3e0046359cdf3a72100c67a7ad229116\" data-e-action-hash=\"#elementor-action%3Aaction%3Dlightbox%26settings%3DeyJpZCI6MTcwNCwidXJsIjoiaHR0cHM6XC9cL3ZpbGxhaW1leC5jb21cL3NpdGlvXC93cC1jb250ZW50XC91cGxvYWRzXC8yMDIxXC8wOVwvM2UwMDQ2MzU5Y2RmM2E3MjEwMGM2N2E3YWQyMjkxMTYuanBnIiwic2xpZGVzaG93IjoiNzMxZWQzZiJ9\" href='https:\/\/villaimex.com\/sitio\/wp-content\/uploads\/2021\/09\/3e0046359cdf3a72100c67a7ad229116.jpg'><img loading=\"lazy\" decoding=\"async\" width=\"150\" height=\"150\" src=\"https:\/\/villaimex.com\/sitio\/wp-content\/uploads\/2021\/09\/3e0046359cdf3a72100c67a7ad229116-150x150.jpg\" class=\"attachment-thumbnail size-thumbnail\" alt=\"\" aria-describedby=\"gallery-1-1704\" srcset=\"https:\/\/villaimex.com\/sitio\/wp-content\/uploads\/2021\/09\/3e0046359cdf3a72100c67a7ad229116-150x150.jpg 150w, https:\/\/villaimex.com\/sitio\/wp-content\/uploads\/2021\/09\/3e0046359cdf3a72100c67a7ad229116-300x300.jpg 300w, https:\/\/villaimex.com\/sitio\/wp-content\/uploads\/2021\/09\/3e0046359cdf3a72100c67a7ad229116-100x100.jpg 100w\" sizes=\"(max-width: 150px) 100vw, 150px\" \/><\/a>\n\t\t\t<\/div>\n\t\t\t\t<figcaption class='wp-caption-text gallery-caption' id='gallery-1-1704'>\n\t\t\t\tVinil de corte\n\t\t\t\t<\/figcaption><\/figure><figure class='gallery-item'>\n\t\t\t<div class='gallery-icon landscape'>\n\t\t\t\t<a data-elementor-open-lightbox=\"yes\" data-elementor-lightbox-slideshow=\"731ed3f\" data-elementor-lightbox-title=\"3\" data-e-action-hash=\"#elementor-action%3Aaction%3Dlightbox%26settings%3DeyJpZCI6MTcwMywidXJsIjoiaHR0cHM6XC9cL3ZpbGxhaW1leC5jb21cL3NpdGlvXC93cC1jb250ZW50XC91cGxvYWRzXC8yMDIxXC8wOVwvMy5qcGciLCJzbGlkZXNob3ciOiI3MzFlZDNmIn0%3D\" href='https:\/\/villaimex.com\/sitio\/wp-content\/uploads\/2021\/09\/3.jpg'><img loading=\"lazy\" decoding=\"async\" width=\"150\" height=\"150\" src=\"https:\/\/villaimex.com\/sitio\/wp-content\/uploads\/2021\/09\/3-150x150.jpg\" class=\"attachment-thumbnail size-thumbnail\" alt=\"\" aria-describedby=\"gallery-1-1703\" srcset=\"https:\/\/villaimex.com\/sitio\/wp-content\/uploads\/2021\/09\/3-150x150.jpg 150w, https:\/\/villaimex.com\/sitio\/wp-content\/uploads\/2021\/09\/3-300x300.jpg 300w, https:\/\/villaimex.com\/sitio\/wp-content\/uploads\/2021\/09\/3-100x100.jpg 100w\" sizes=\"(max-width: 150px) 100vw, 150px\" \/><\/a>\n\t\t\t<\/div>\n\t\t\t\t<figcaption class='wp-caption-text gallery-caption' id='gallery-1-1703'>\n\t\t\t\tRotulaci\u00f3n en vinil\n\t\t\t\t<\/figcaption><\/figure>\n\t\t<\/div>\n\t\t<\/div>\n\t\t\t\t<\/div>\n\t\t\t\t<\/div>\n\t\t\t\t\t<\/div>\n\t\t<\/div>\n\t\t\t\t\t<\/div>\n\t\t<\/section>\n\t\t\t\t<\/div>\n\t\t","protected":false},"excerpt":{"rendered":"<p>Impresi\u00f3n en vinil matte Gran formato L\u00e1tex Vinil impreso para rotulaci\u00f3n Impresi\u00f3n L\u00e1tex Vinil esmerilado con corte Impresi\u00f3n L\u00e1tex Dise\u00f1o en vinil de corte Impresi\u00f3n en gran formato Rotulaci\u00f3n empresarial Rotulaci\u00f3n en vinil Vinil Impreso con corte Vinil de corte<\/p>\n","protected":false},"author":1,"featured_media":0,"parent":767,"menu_order":0,"comment_status":"closed","ping_status":"closed","template":"","meta":{"ocean_post_layout":"","ocean_both_sidebars_style":"","ocean_both_sidebars_content_width":0,"ocean_both_sidebars_sidebars_width":0,"ocean_sidebar":"0","ocean_second_sidebar":"0","ocean_disable_margins":"enable","ocean_add_body_class":"","ocean_shortcode_before_top_bar":"","ocean_shortcode_after_top_bar":"","ocean_shortcode_before_header":"","ocean_shortcode_after_header":"","ocean_has_shortcode":"","ocean_shortcode_after_title":"","ocean_shortcode_before_footer_widgets":"","ocean_shortcode_after_footer_widgets":"","ocean_shortcode_before_footer_bottom":"","ocean_shortcode_after_footer_bottom":"","ocean_display_top_bar":"default","ocean_display_header":"default","ocean_header_style":"","ocean_center_header_left_menu":"0","ocean_custom_header_template":"0","ocean_custom_logo":0,"ocean_custom_retina_logo":0,"ocean_custom_logo_max_width":0,"ocean_custom_logo_tablet_max_width":0,"ocean_custom_logo_mobile_max_width":0,"ocean_custom_logo_max_height":0,"ocean_custom_logo_tablet_max_height":0,"ocean_custom_logo_mobile_max_height":0,"ocean_header_custom_menu":"0","ocean_menu_typo_font_family":"0","ocean_menu_typo_font_subset":"","ocean_menu_typo_font_size":0,"ocean_menu_typo_font_size_tablet":0,"ocean_menu_typo_font_size_mobile":0,"ocean_menu_typo_font_size_unit":"px","ocean_menu_typo_font_weight":"","ocean_menu_typo_font_weight_tablet":"","ocean_menu_typo_font_weight_mobile":"","ocean_menu_typo_transform":"","ocean_menu_typo_transform_tablet":"","ocean_menu_typo_transform_mobile":"","ocean_menu_typo_line_height":0,"ocean_menu_typo_line_height_tablet":0,"ocean_menu_typo_line_height_mobile":0,"ocean_menu_typo_line_height_unit":"","ocean_menu_typo_spacing":0,"ocean_menu_typo_spacing_tablet":0,"ocean_menu_typo_spacing_mobile":0,"ocean_menu_typo_spacing_unit":"","ocean_menu_link_color":"","ocean_menu_link_color_hover":"","ocean_menu_link_color_active":"","ocean_menu_link_background":"","ocean_menu_link_hover_background":"","ocean_menu_link_active_background":"","ocean_menu_social_links_bg":"","ocean_menu_social_hover_links_bg":"","ocean_menu_social_links_color":"","ocean_menu_social_hover_links_color":"","ocean_disable_title":"default","ocean_disable_heading":"default","ocean_post_title":"","ocean_post_subheading":"","ocean_post_title_style":"","ocean_post_title_background_color":"","ocean_post_title_background":0,"ocean_post_title_bg_image_position":"","ocean_post_title_bg_image_attachment":"","ocean_post_title_bg_image_repeat":"","ocean_post_title_bg_image_size":"","ocean_post_title_height":0,"ocean_post_title_bg_overlay":0.5,"ocean_post_title_bg_overlay_color":"","ocean_disable_breadcrumbs":"default","ocean_breadcrumbs_color":"","ocean_breadcrumbs_separator_color":"","ocean_breadcrumbs_links_color":"","ocean_breadcrumbs_links_hover_color":"","ocean_display_footer_widgets":"default","ocean_display_footer_bottom":"default","ocean_custom_footer_template":"0","footnotes":""},"_links":{"self":[{"href":"https:\/\/villaimex.com\/sitio\/wp-json\/wp\/v2\/pages\/775"}],"collection":[{"href":"https:\/\/villaimex.com\/sitio\/wp-json\/wp\/v2\/pages"}],"about":[{"href":"https:\/\/villaimex.com\/sitio\/wp-json\/wp\/v2\/types\/page"}],"author":[{"embeddable":true,"href":"https:\/\/villaimex.com\/sitio\/wp-json\/wp\/v2\/users\/1"}],"replies":[{"embeddable":true,"href":"https:\/\/villaimex.com\/sitio\/wp-json\/wp\/v2\/comments?post=775"}],"version-history":[{"count":2,"href":"https:\/\/villaimex.com\/sitio\/wp-json\/wp\/v2\/pages\/775\/revisions"}],"predecessor-version":[{"id":1710,"href":"https:\/\/villaimex.com\/sitio\/wp-json\/wp\/v2\/pages\/775\/revisions\/1710"}],"up":[{"embeddable":true,"href":"https:\/\/villaimex.com\/sitio\/wp-json\/wp\/v2\/pages\/767"}],"wp:attachment":[{"href":"https:\/\/villaimex.com\/sitio\/wp-json\/wp\/v2\/media?parent=775"}],"curies":[{"name":"wp","href":"https:\/\/api.w.org\/{rel}","templated":true}]}}